{"id":80,"date":"2024-05-19T08:17:55","date_gmt":"2024-05-19T08:17:55","guid":{"rendered":"https:\/\/equilibriumpsychotherapy.net\/?page_id=80"},"modified":"2024-12-12T16:54:39","modified_gmt":"2024-12-12T15:54:39","slug":"services","status":"publish","type":"page","link":"https:\/\/equilibriumpsychotherapy.net\/hr\/services\/","title":{"rendered":"Usluge"},"content":{"rendered":"<div class=\"wp-block-cover alignfull\" style=\"padding-top:2%;min-height:60rem;aspect-ratio:unset;\"><span aria-hidden=\"true\" class=\"wp-block-cover__background has-white-background-color has-background-dim-0 has-background-dim\"><\/span><img loading=\"lazy\" decoding=\"async\" width=\"1707\" height=\"2560\" class=\"wp-block-cover__image-background wp-image-255\" alt=\"\" src=\"https:\/\/equilibriumpsychotherapy.net\/wp-content\/uploads\/2024\/07\/pexels-cottonbro-4098228-scaled.jpg\" style=\"object-position:8% 21%\" data-object-fit=\"cover\" data-object-position=\"8% 21%\" srcset=\"https:\/\/equilibriumpsychotherapy.net\/wp-content\/uploads\/2024\/07\/pexels-cottonbro-4098228-scaled.jpg 1707w, https:\/\/equilibriumpsychotherapy.net\/wp-content\/uploads\/2024\/07\/pexels-cottonbro-4098228-200x300.jpg 200w, https:\/\/equilibriumpsychotherapy.net\/wp-content\/uploads\/2024\/07\/pexels-cottonbro-4098228-683x1024.jpg 683w, https:\/\/equilibriumpsychotherapy.net\/wp-content\/uploads\/2024\/07\/pexels-cottonbro-4098228-768x1152.jpg 768w, https:\/\/equilibriumpsychotherapy.net\/wp-content\/uploads\/2024\/07\/pexels-cottonbro-4098228-1024x1536.jpg 1024w\" sizes=\"auto, (max-width: 1707px) 100vw, 1707px\" \/><div class=\"wp-block-cover__inner-container has-global-padding is-layout-constrained wp-container-core-cover-is-layout-ee51f2d2 wp-block-cover-is-layout-constrained\">\n<div class=\"wp-block-group alignwide is-vertical is-content-justification-center is-layout-flex wp-container-core-group-is-layout-b6c1f246 wp-block-group-is-layout-flex\" style=\"min-height:35rem\">\n<div class=\"wp-block-group has-global-padding is-content-justification-center is-layout-constrained wp-container-core-group-is-layout-8e19ae4a wp-block-group-is-layout-constrained\" style=\"margin-top:0;margin-bottom:0\">\n<h3 class=\"wp-block-heading has-text-align-center has-text-color\" style=\"color:#000000;margin-bottom:1rem;font-size:clamp(2.071rem, 2.071rem + ((1vw - 0.2rem) * 2.98), 3.71rem);font-style:normal;font-weight:400;line-height:1;text-transform:none\">Equilibrium Psihoterapija<\/h3>\n\n\n\n<h2 class=\"wp-block-heading has-text-align-center has-text-color\" style=\"color:#ffffff;margin-top:0rem;margin-bottom:1.01rem;font-size:clamp(2.84rem, 2.84rem + ((1vw - 0.2rem) * 4.855), 5.51rem);font-style:normal;font-weight:400;line-height:1.1;text-transform:capitalize\">Usluge<\/h2>\n<\/div>\n<\/div>\n<\/div><\/div>\n\n\n\n<div class=\"wp-block-group alignwide has-global-padding is-layout-constrained wp-container-core-group-is-layout-3dead192 wp-block-group-is-layout-constrained\" style=\"margin-top:0;margin-bottom:0;padding-top:80px;padding-bottom:80px\">\n<figure class=\"wp-block-image aligncenter size-full is-resized eplus-wrapper\"><img loading=\"lazy\" decoding=\"async\" width=\"512\" height=\"512\" src=\"https:\/\/equilibriumpsychotherapy.net\/wp-content\/uploads\/2024\/09\/lavender_6846021.png\" alt=\"\" class=\"wp-image-942\" style=\"width:70px\" srcset=\"https:\/\/equilibriumpsychotherapy.net\/wp-content\/uploads\/2024\/09\/lavender_6846021.png 512w, https:\/\/equilibriumpsychotherapy.net\/wp-content\/uploads\/2024\/09\/lavender_6846021-300x300.png 300w, https:\/\/equilibriumpsychotherapy.net\/wp-content\/uploads\/2024\/09\/lavender_6846021-150x150.png 150w\" sizes=\"auto, (max-width: 512px) 100vw, 512px\" \/><\/figure>\n\n\n\n<h2 class=\"wp-block-heading has-text-align-center eplus-wrapper has-text-color\" style=\"color:#00373e;margin-top:10px;font-size:clamp(33.419px, 2.089rem + ((1vw - 3.2px) * 3.021), 60px);font-style:normal;font-weight:400;line-height:1.2;text-transform:capitalize\">Prilago\u0111eno va\u0161im potrebama<\/h2>\n\n\n\n<p class=\"has-text-align-center eplus-wrapper has-text-color\" style=\"color:#00373e;margin-top:16px;font-size:clamp(15.747px, 0.984rem + ((1vw - 3.2px) * 0.938), 24px);font-style:normal;font-weight:300\">Ako u ovoj ponudi niste prona\u0161li ono \u0161to tra\u017eite, slobodno nas kontaktirajte!<\/p>\n\n\n\n<div class=\"wp-block-columns alignwide is-layout-flex wp-container-core-columns-is-layout-4c32ec13 wp-block-columns-is-layout-flex\" style=\"padding-top:var(--wp--preset--spacing--70)\">\n<div class=\"wp-block-column is-layout-flow wp-block-column-is-layout-flow\">\n<figure class=\"wp-block-image size-full has-custom-border\"><img decoding=\"async\" src=\"https:\/\/equilibriumpsychotherapy.net\/wp-content\/uploads\/2024\/06\/woman-with-hands-together-talking-with-counselor.jpg\" alt=\"\" class=\"wp-image-225\" style=\"border-radius:30px;aspect-ratio:1;object-fit:cover\"\/><\/figure>\n<\/div>\n\n\n\n<div class=\"wp-block-column is-vertically-aligned-center is-layout-flow wp-block-column-is-layout-flow\" style=\"padding-left:15px\">\n<figure class=\"wp-block-image aligncenter size-full is-resized eplus-wrapper\"><img loading=\"lazy\" decoding=\"async\" width=\"512\" height=\"512\" src=\"https:\/\/equilibriumpsychotherapy.net\/wp-content\/uploads\/2024\/05\/consult-2.png\" alt=\"\" class=\"wp-image-171\" style=\"width:95px\" srcset=\"https:\/\/equilibriumpsychotherapy.net\/wp-content\/uploads\/2024\/05\/consult-2.png 512w, https:\/\/equilibriumpsychotherapy.net\/wp-content\/uploads\/2024\/05\/consult-2-300x300.png 300w, https:\/\/equilibriumpsychotherapy.net\/wp-content\/uploads\/2024\/05\/consult-2-150x150.png 150w\" sizes=\"auto, (max-width: 512px) 100vw, 512px\" \/><\/figure>\n\n\n\n<h2 class=\"wp-block-heading has-text-align-center has-text-color\" style=\"color:#00373e;margin-top:1rem;font-size:clamp(16.293px, 1.018rem + ((1vw - 3.2px) * 0.989), 25px);font-style:normal;font-weight:400\">Individualna terapija <\/h2>\n\n\n\n<p class=\"has-text-align-center has-text-color\" style=\"color:#00373e;margin-top:12px;font-size:clamp(14px, 0.875rem + ((1vw - 3.2px) * 0.227), 16px);font-style:normal;font-weight:400\">Individualna terapija pru\u017ea sigurno, povjerljivo i podr\u017eavaju\u0107e okru\u017eenje u kojem mo\u017eete istra\u017eiti svoje misli, osje\u0107aje i \u017eivotne prepreke. Bilo da se suo\u010davate s tjeskobom, stresom ili nesigurnostima koje proizlaze iz pro\u0161lih iskustava, terapija vam poma\u017ee prona\u0107i jasno\u0107u i razumijevanje. Zajedno s terapeutom, razvijat \u0107ete konkretne vje\u0161tine za suo\u010davanje, ja\u010dati emocionalnu otpornost i raditi na izgradnji pozitivnih promjena. Ovaj proces pru\u017ea podr\u0161ku u stvaranju temelja za osobni rast, \u010dine\u0107i vas sposobnima da \u017eivite ispunjeniji, mirniji i stabilniji \u017eivot.<\/p>\n\n\n\n<div class=\"wp-block-buttons is-content-justification-center is-layout-flex wp-container-core-buttons-is-layout-a89b3969 wp-block-buttons-is-layout-flex\">\n<div class=\"wp-block-button has-custom-font-size service_b is-style-fill has-mulish-font-family\" style=\"font-size:clamp(14px, 0.875rem + ((1vw - 3.2px) * 0.227), 16px);text-transform:uppercase\"><a class=\"wp-block-button__link has-text-color has-background has-link-color has-text-align-center wp-element-button\" href=\"https:\/\/equilibriumpsychotherapy.net\/hr\/individual-session\/\" style=\"border-width:1px;border-radius:2.5rem;color:#ffffff;background-color:#1173c5;padding-top:10px;padding-right:30px;padding-bottom:10px;padding-left:30px\">Rezervirajte termin<\/a><\/div>\n<\/div>\n<\/div>\n<\/div>\n\n\n\n<div class=\"wp-block-columns alignwide is-layout-flex wp-container-core-columns-is-layout-41d75851 wp-block-columns-is-layout-flex\" style=\"padding-top:80px;padding-bottom:80px\">\n<div class=\"wp-block-column is-vertically-aligned-center is-layout-flow wp-block-column-is-layout-flow\" style=\"padding-left:15px\">\n<figure class=\"wp-block-image aligncenter size-full is-resized is-style-default wp-duotone-unset-1\"><img loading=\"lazy\" decoding=\"async\" width=\"512\" height=\"512\" src=\"https:\/\/equilibriumpsychotherapy.net\/wp-content\/uploads\/2024\/05\/couple.png\" alt=\"\" class=\"wp-image-172\" style=\"width:80px\" srcset=\"https:\/\/equilibriumpsychotherapy.net\/wp-content\/uploads\/2024\/05\/couple.png 512w, https:\/\/equilibriumpsychotherapy.net\/wp-content\/uploads\/2024\/05\/couple-300x300.png 300w, https:\/\/equilibriumpsychotherapy.net\/wp-content\/uploads\/2024\/05\/couple-150x150.png 150w\" sizes=\"auto, (max-width: 512px) 100vw, 512px\" \/><\/figure>\n\n\n\n<h2 class=\"wp-block-heading has-text-align-center has-text-color\" style=\"color:#00373e;margin-top:1rem;font-size:clamp(16.293px, 1.018rem + ((1vw - 3.2px) * 0.989), 25px);font-style:normal;font-weight:400\">Savjetovanje za parove<\/h2>\n\n\n\n<p class=\"has-text-align-center has-text-color\" style=\"color:#00373e;margin-top:12px;font-size:clamp(14px, 0.875rem + ((1vw - 3.2px) * 0.227), 16px);font-style:normal;font-weight:400\">Savjetovanje za parove pru\u017ea prostor u kojem mo\u017eete zajedno istra\u017eivati i unaprijediti svoju vezu. Bilo da se suo\u010davate s komunikacijskim barijerama, povredama povjerenja ili jednostavno \u017eelite oja\u010dati me\u0111usobnu povezanost, terapija \u0107e vam pomo\u0107i da razumijete jedan drugoga na dubljoj razini. Kroz vo\u0111stvo stru\u010dnog terapeuta, nau\u010dit \u0107ete kako bolje komunicirati, rje\u0161avati nesuglasice i graditi zdravije obrasce pona\u0161anja. Osvje\u017eite svoju ljubav, obnovite povjerenje i poduzmite konkretne korake prema ispunjenijem i harmoni\u010dnijem partnerstvu. Zajedno \u0107emo stvoriti temelje za dugoro\u010dno zadovoljstvo i unutarnju stabilnost va\u0161e veze.<\/p>\n\n\n\n<div class=\"wp-block-buttons is-content-justification-center is-layout-flex wp-container-core-buttons-is-layout-a89b3969 wp-block-buttons-is-layout-flex\">\n<div class=\"wp-block-button has-custom-font-size service_b is-style-fill has-mulish-font-family\" style=\"font-size:clamp(14px, 0.875rem + ((1vw - 3.2px) * 0.227), 16px);text-transform:uppercase\"><a class=\"wp-block-button__link has-text-color has-background has-link-color has-text-align-center wp-element-button\" href=\"https:\/\/equilibriumpsychotherapy.net\/hr\/couples-session-booking\/\" style=\"border-radius:2.5rem;color:#ffffff;background-color:#1173c5;padding-top:10px;padding-right:30px;padding-bottom:10px;padding-left:30px\">Rezervirajte termin<\/a><\/div>\n<\/div>\n<\/div>\n\n\n\n<div class=\"wp-block-column is-layout-flow wp-block-column-is-layout-flow\">\n<figure class=\"wp-block-image size-large has-custom-border\"><img loading=\"lazy\" decoding=\"async\" width=\"683\" height=\"1024\" src=\"https:\/\/equilibriumpsychotherapy.net\/wp-content\/uploads\/2024\/06\/female-family-psychologist-filling-information-about-couple-medical-card-683x1024.jpg\" alt=\"\" class=\"wp-image-226\" style=\"border-radius:30px;aspect-ratio:1;object-fit:cover\" srcset=\"https:\/\/equilibriumpsychotherapy.net\/wp-content\/uploads\/2024\/06\/female-family-psychologist-filling-information-about-couple-medical-card-683x1024.jpg 683w, https:\/\/equilibriumpsychotherapy.net\/wp-content\/uploads\/2024\/06\/female-family-psychologist-filling-information-about-couple-medical-card-200x300.jpg 200w, https:\/\/equilibriumpsychotherapy.net\/wp-content\/uploads\/2024\/06\/female-family-psychologist-filling-information-about-couple-medical-card-768x1152.jpg 768w, https:\/\/equilibriumpsychotherapy.net\/wp-content\/uploads\/2024\/06\/female-family-psychologist-filling-information-about-couple-medical-card-1024x1536.jpg 1024w, https:\/\/equilibriumpsychotherapy.net\/wp-content\/uploads\/2024\/06\/female-family-psychologist-filling-information-about-couple-medical-card-1365x2048.jpg 1365w, https:\/\/equilibriumpsychotherapy.net\/wp-content\/uploads\/2024\/06\/female-family-psychologist-filling-information-about-couple-medical-card-scaled.jpg 1707w\" sizes=\"auto, (max-width: 683px) 100vw, 683px\" \/><\/figure>\n<\/div>\n<\/div>\n\n\n\n<div class=\"wp-block-columns alignwide is-layout-flex wp-container-core-columns-is-layout-9cf8123d wp-block-columns-is-layout-flex\">\n<div class=\"wp-block-column is-layout-flow wp-block-column-is-layout-flow\">\n<figure class=\"wp-block-image size-large has-custom-border\"><img loading=\"lazy\" decoding=\"async\" width=\"1024\" height=\"683\" src=\"https:\/\/equilibriumpsychotherapy.net\/wp-content\/uploads\/2024\/06\/rear-view-man-with-raised-hand-group-therapy-medical-center-1024x683.jpg\" alt=\"\" class=\"wp-image-227\" style=\"border-radius:30px;aspect-ratio:1;object-fit:cover\" srcset=\"https:\/\/equilibriumpsychotherapy.net\/wp-content\/uploads\/2024\/06\/rear-view-man-with-raised-hand-group-therapy-medical-center-1024x683.jpg 1024w, https:\/\/equilibriumpsychotherapy.net\/wp-content\/uploads\/2024\/06\/rear-view-man-with-raised-hand-group-therapy-medical-center-300x200.jpg 300w, https:\/\/equilibriumpsychotherapy.net\/wp-content\/uploads\/2024\/06\/rear-view-man-with-raised-hand-group-therapy-medical-center-768x512.jpg 768w, https:\/\/equilibriumpsychotherapy.net\/wp-content\/uploads\/2024\/06\/rear-view-man-with-raised-hand-group-therapy-medical-center-1536x1024.jpg 1536w, https:\/\/equilibriumpsychotherapy.net\/wp-content\/uploads\/2024\/06\/rear-view-man-with-raised-hand-group-therapy-medical-center-2048x1365.jpg 2048w\" sizes=\"auto, (max-width: 1024px) 100vw, 1024px\" \/><\/figure>\n<\/div>\n\n\n\n<div class=\"wp-block-column is-vertically-aligned-center is-layout-flow wp-block-column-is-layout-flow\" style=\"padding-left:15px\">\n<figure class=\"wp-block-image aligncenter size-full is-resized is-style-default wp-duotone-unset-2\"><img loading=\"lazy\" decoding=\"async\" width=\"512\" height=\"512\" src=\"https:\/\/equilibriumpsychotherapy.net\/wp-content\/uploads\/2024\/05\/supporting.png\" alt=\"\" class=\"wp-image-173\" style=\"width:100px\" srcset=\"https:\/\/equilibriumpsychotherapy.net\/wp-content\/uploads\/2024\/05\/supporting.png 512w, https:\/\/equilibriumpsychotherapy.net\/wp-content\/uploads\/2024\/05\/supporting-300x300.png 300w, https:\/\/equilibriumpsychotherapy.net\/wp-content\/uploads\/2024\/05\/supporting-150x150.png 150w\" sizes=\"auto, (max-width: 512px) 100vw, 512px\" \/><\/figure>\n\n\n\n<h2 class=\"wp-block-heading has-text-align-center has-text-color\" style=\"color:#00373e;margin-top:1rem;font-size:clamp(16.293px, 1.018rem + ((1vw - 3.2px) * 0.989), 25px);font-style:normal;font-weight:400\">Grupna terapija<\/h2>\n\n\n\n<p class=\"has-text-align-center has-text-color\" style=\"color:#00373e;margin-top:12px;font-size:clamp(14px, 0.875rem + ((1vw - 3.2px) * 0.227), 16px);font-style:normal;font-weight:400\">Grupna terapija pru\u017ea siguran i podr\u017eavaju\u0107i prostor u kojem se povezujete s drugima koji dijele sli\u010dna iskustva, \u0161to omogu\u0107uje zajedni\u010dki rast i razumijevanje. Pod stru\u010dnim vodstvom terapeuta, zajedno istra\u017eujemo unutarnje prepreke, razmjenjujemo uvide i razvijamo nova razumijevanja sebe i drugih. Kroz dijalog i empatiju, svaka sesija vas poti\u010de na dublje razmi\u0161ljanje o vlastitim osje\u0107ajima i pona\u0161anjima, dok istovremeno ja\u010date emocionalnu otpornost. Ovaj oblik terapije ne samo da poma\u017ee u izgradnji novih veza, ve\u0107 vas i osna\u017euje da lak\u0161e prevladate \u017eivotne izazove s ve\u0107im samopouzdanjem i jasno\u0107om.<\/p>\n\n\n\n<div class=\"wp-block-buttons is-content-justification-center is-layout-flex wp-container-core-buttons-is-layout-a89b3969 wp-block-buttons-is-layout-flex\">\n<div class=\"wp-block-button has-custom-font-size service_b is-style-fill has-mulish-font-family\" style=\"font-size:clamp(14px, 0.875rem + ((1vw - 3.2px) * 0.227), 16px);text-transform:uppercase\"><a class=\"wp-block-button__link has-text-color has-background has-link-color has-text-align-center wp-element-button\" href=\"https:\/\/equilibriumpsychotherapy.net\/hr\/group-session-booking\/\" style=\"border-radius:2.5rem;color:#ffffff;background-color:#1173c5;padding-top:10px;padding-right:30px;padding-bottom:10px;padding-left:30px\">Rezervirajte termin<\/a><\/div>\n<\/div>\n<\/div>\n<\/div>\n\n\n\n<div class=\"wp-block-group alignwide has-global-padding is-layout-constrained wp-container-core-group-is-layout-96e83e60 wp-block-group-is-layout-constrained\" style=\"padding-top:50px\">\n<figure class=\"wp-block-image aligncenter size-full is-resized\"><img loading=\"lazy\" decoding=\"async\" width=\"512\" height=\"512\" src=\"https:\/\/equilibriumpsychotherapy.net\/wp-content\/uploads\/2024\/05\/bloom.png\" alt=\"\" class=\"wp-image-188\" style=\"width:70px\" srcset=\"https:\/\/equilibriumpsychotherapy.net\/wp-content\/uploads\/2024\/05\/bloom.png 512w, https:\/\/equilibriumpsychotherapy.net\/wp-content\/uploads\/2024\/05\/bloom-300x300.png 300w, https:\/\/equilibriumpsychotherapy.net\/wp-content\/uploads\/2024\/05\/bloom-150x150.png 150w\" sizes=\"auto, (max-width: 512px) 100vw, 512px\" \/><\/figure>\n\n\n\n<h3 class=\"wp-block-heading has-text-align-center eplus-wrapper has-text-color\" style=\"color:#00373e;margin-top:10px;font-size:clamp(33.419px, 2.089rem + ((1vw - 3.2px) * 3.021), 60px);font-style:normal;font-weight:400;line-height:1.2;text-transform:capitalize\">Niste sigurni kako dalje? Po\u010dnimo s upoznavanjem\u2026<\/h3>\n<\/div>\n\n\n\n<div class=\"wp-block-columns alignwide is-layout-flex wp-container-core-columns-is-layout-41d75851 wp-block-columns-is-layout-flex\" style=\"padding-top:80px;padding-bottom:80px\">\n<div class=\"wp-block-column is-vertically-aligned-center is-layout-flow wp-block-column-is-layout-flow\" style=\"padding-left:15px\">\n<figure class=\"wp-block-image aligncenter size-full is-resized is-style-default wp-duotone-unset-3\"><img loading=\"lazy\" decoding=\"async\" width=\"512\" height=\"512\" src=\"https:\/\/equilibriumpsychotherapy.net\/wp-content\/uploads\/2024\/05\/therapy-1.png\" alt=\"\" class=\"wp-image-174\" style=\"width:90px\" srcset=\"https:\/\/equilibriumpsychotherapy.net\/wp-content\/uploads\/2024\/05\/therapy-1.png 512w, https:\/\/equilibriumpsychotherapy.net\/wp-content\/uploads\/2024\/05\/therapy-1-300x300.png 300w, https:\/\/equilibriumpsychotherapy.net\/wp-content\/uploads\/2024\/05\/therapy-1-150x150.png 150w\" sizes=\"auto, (max-width: 512px) 100vw, 512px\" \/><\/figure>\n\n\n\n<h2 class=\"wp-block-heading has-text-align-center has-text-color\" style=\"color:#00373e;margin-top:1rem;font-size:clamp(16.293px, 1.018rem + ((1vw - 3.2px) * 0.989), 25px);font-style:normal;font-weight:400\">Informativna sesija<\/h2>\n\n\n\n<p class=\"has-text-align-center has-text-color\" style=\"color:#00373e;margin-top:12px;font-size:clamp(14px, 0.875rem + ((1vw - 3.2px) * 0.227), 16px);font-style:normal;font-weight:400\">Informativna sesija je po\u010detni susret koji vam daje priliku da razjasnite svoje osobne izazove i ciljeve. Ovdje \u0107ete mo\u0107i podijeliti svoja iskustva i istra\u017eiti na koji na\u010din na\u0161e terapeutske usluge mogu najbolje odgovoriti na va\u0161e potrebe. Kroz ovu sesiju zajedno \u0107emo stvoriti smjernice za daljnji rad, prilago\u0111avaju\u0107i na\u0161 pristup tako da vam pomognemo u postizanju stvarnih promjena. Ovaj susret predstavlja temelj iz kojeg \u0107emo dalje graditi va\u0161 put prema osobnom rastu i emocionalnom blagostanju.<\/p>\n\n\n\n<div class=\"wp-block-buttons is-content-justification-center is-layout-flex wp-container-core-buttons-is-layout-a89b3969 wp-block-buttons-is-layout-flex\">\n<div class=\"wp-block-button has-custom-font-size service_b is-style-fill has-mulish-font-family\" style=\"font-size:clamp(14px, 0.875rem + ((1vw - 3.2px) * 0.227), 16px);text-transform:uppercase\"><a class=\"wp-block-button__link has-text-color has-background has-link-color has-text-align-center wp-element-button\" href=\"https:\/\/equilibriumpsychotherapy.net\/hr\/discovery-session-booking\/\" style=\"border-radius:2.5rem;color:#ffffff;background-color:#1173c5;padding-top:10px;padding-right:30px;padding-bottom:10px;padding-left:30px\">Rezervirajte termin<\/a><\/div>\n<\/div>\n<\/div>\n\n\n\n<div class=\"wp-block-column is-layout-flow wp-block-column-is-layout-flow\">\n<figure class=\"wp-block-image size-large has-custom-border\"><img loading=\"lazy\" decoding=\"async\" width=\"683\" height=\"1024\" src=\"https:\/\/equilibriumpsychotherapy.net\/wp-content\/uploads\/2024\/06\/high-angle-therapist-patient-chatting-683x1024.jpg\" alt=\"\" class=\"wp-image-232\" style=\"border-radius:30px;aspect-ratio:1;object-fit:cover\" srcset=\"https:\/\/equilibriumpsychotherapy.net\/wp-content\/uploads\/2024\/06\/high-angle-therapist-patient-chatting-683x1024.jpg 683w, https:\/\/equilibriumpsychotherapy.net\/wp-content\/uploads\/2024\/06\/high-angle-therapist-patient-chatting-200x300.jpg 200w, https:\/\/equilibriumpsychotherapy.net\/wp-content\/uploads\/2024\/06\/high-angle-therapist-patient-chatting-768x1152.jpg 768w, https:\/\/equilibriumpsychotherapy.net\/wp-content\/uploads\/2024\/06\/high-angle-therapist-patient-chatting-1024x1536.jpg 1024w, https:\/\/equilibriumpsychotherapy.net\/wp-content\/uploads\/2024\/06\/high-angle-therapist-patient-chatting-scaled.jpg 1707w\" sizes=\"auto, (max-width: 683px) 100vw, 683px\" \/><\/figure>\n<\/div>\n<\/div>\n<\/div>\n\n\n\n<section class=\"wp-block-cover alignfull\" style=\"margin-top:0px;padding-top:1.01rem;padding-bottom:1.01rem;min-height:430px;aspect-ratio:unset;\"><span aria-hidden=\"true\" class=\"wp-block-cover__background has-background-dim-100 has-background-dim\" style=\"background-color:#0b1f30\"><\/span><img loading=\"lazy\" decoding=\"async\" width=\"2560\" height=\"1708\" class=\"wp-block-cover__image-background wp-image-230\" alt=\"\" src=\"https:\/\/equilibriumpsychotherapy.net\/wp-content\/uploads\/2024\/06\/mid-shot-woman-therapist-taking-notes-clipboard-scaled.jpg\" style=\"object-position:52% 43%\" data-object-fit=\"cover\" data-object-position=\"52% 43%\" srcset=\"https:\/\/equilibriumpsychotherapy.net\/wp-content\/uploads\/2024\/06\/mid-shot-woman-therapist-taking-notes-clipboard-scaled.jpg 2560w, https:\/\/equilibriumpsychotherapy.net\/wp-content\/uploads\/2024\/06\/mid-shot-woman-therapist-taking-notes-clipboard-300x200.jpg 300w, https:\/\/equilibriumpsychotherapy.net\/wp-content\/uploads\/2024\/06\/mid-shot-woman-therapist-taking-notes-clipboard-1024x683.jpg 1024w, https:\/\/equilibriumpsychotherapy.net\/wp-content\/uploads\/2024\/06\/mid-shot-woman-therapist-taking-notes-clipboard-768x512.jpg 768w, https:\/\/equilibriumpsychotherapy.net\/wp-content\/uploads\/2024\/06\/mid-shot-woman-therapist-taking-notes-clipboard-1536x1025.jpg 1536w\" sizes=\"auto, (max-width: 2560px) 100vw, 2560px\" \/><div class=\"wp-block-cover__inner-container has-global-padding is-layout-constrained wp-container-core-cover-is-layout-b1bebcb3 wp-block-cover-is-layout-constrained\">\n<div class=\"wp-block-group has-text-color is-layout-flow wp-block-group-is-layout-flow\" style=\"color:#fffffd;margin-top:0px;padding-top:0rem;padding-right:1rem;padding-bottom:0rem;padding-left:1rem;font-size:clamp(0.875rem, 0.875rem + ((1vw - 0.2rem) * 0.464), 1.13rem);font-style:normal;font-weight:400;line-height:1.4\">\n<div class=\"wp-block-group has-global-padding is-layout-constrained wp-container-core-group-is-layout-bdbfdc43 wp-block-group-is-layout-constrained\">\n<h2 class=\"wp-block-heading has-text-align-center has-text-color\" style=\"color:#fffffd;margin-bottom:0rem;font-size:clamp(1.507rem, 1.507rem + ((1vw - 0.2rem) * 1.824), 2.51rem);font-style:normal;font-weight:400;line-height:1.2\">Svi, bez obzira na to tko su ili gdje \u017eive, zaslu\u017euju pristup kvalitetnoj zdravstvenoj skrbi.<\/h2>\n<\/div>\n\n\n\n<div class=\"wp-block-group is-vertical is-content-justification-stretch is-layout-flex wp-container-core-group-is-layout-bfdebe91 wp-block-group-is-layout-flex\" style=\"margin-top:1.81rem;padding-right:0px;padding-left:0px\">\n<div class=\"wp-block-group has-global-padding is-content-justification-center is-layout-constrained wp-container-core-group-is-layout-2f0bcb29 wp-block-group-is-layout-constrained\" style=\"margin-top:0px\">\n<div class=\"wp-block-buttons eplus-wrapper is-horizontal is-content-justification-left is-layout-flex wp-container-core-buttons-is-layout-50dd055c wp-block-buttons-is-layout-flex\" style=\"margin-top:2.51rem\">\n<div class=\"wp-block-button has-custom-width wp-block-button__width-100 has-custom-font-size footer_b is-style-fill\" style=\"font-size:clamp(0.875rem, 0.875rem + ((1vw - 0.2rem) * 0.409), 1.1rem);font-style:normal;font-weight:400;line-height:1;text-transform:capitalize\"><a class=\"wp-block-button__link has-text-color has-background has-border-color wp-element-button\" href=\"https:\/\/equilibriumpsychotherapy.net\/hr\/contact\/\" style=\"border-color:#ffffff;border-style:solid;border-width:1px;border-radius:2.5rem;color:#ffffff;background-color:#d92b2b00;padding-top:1.1rem;padding-right:0.81rem;padding-bottom:1.1rem;padding-left:0.81rem\">KONTAKTIRAJTE NAS<\/a><\/div>\n<\/div>\n<\/div>\n<\/div>\n<\/div>\n<\/div><\/section>","protected":false},"excerpt":{"rendered":"<p>Catered to your needs If the following selection doesn&#8217;t have what you&#8217;re looking for, feel free to contact us! Individual Therapy Individual therapy provides a safe and dedicated space where you can explore your thoughts, emotions, and personal challenges. Whether you\u2019re facing stress, anxiety, or working through past experiences, this personalized support helps you gain [&hellip;]<\/p>\n","protected":false},"author":1,"featured_media":0,"parent":0,"menu_order":0,"comment_status":"closed","ping_status":"closed","template":"","meta":{"iawp_total_views":291,"footnotes":""},"class_list":["post-80","page","type-page","status-publish","hentry"],"_links":{"self":[{"href":"https:\/\/equilibriumpsychotherapy.net\/hr\/wp-json\/wp\/v2\/pages\/80","targetHints":{"allow":["GET"]}}],"collection":[{"href":"https:\/\/equilibriumpsychotherapy.net\/hr\/wp-json\/wp\/v2\/pages"}],"about":[{"href":"https:\/\/equilibriumpsychotherapy.net\/hr\/wp-json\/wp\/v2\/types\/page"}],"author":[{"embeddable":true,"href":"https:\/\/equilibriumpsychotherapy.net\/hr\/wp-json\/wp\/v2\/users\/1"}],"replies":[{"embeddable":true,"href":"https:\/\/equilibriumpsychotherapy.net\/hr\/wp-json\/wp\/v2\/comments?post=80"}],"version-history":[{"count":20,"href":"https:\/\/equilibriumpsychotherapy.net\/hr\/wp-json\/wp\/v2\/pages\/80\/revisions"}],"predecessor-version":[{"id":1795,"href":"https:\/\/equilibriumpsychotherapy.net\/hr\/wp-json\/wp\/v2\/pages\/80\/revisions\/1795"}],"wp:attachment":[{"href":"https:\/\/equilibriumpsychotherapy.net\/hr\/wp-json\/wp\/v2\/media?parent=80"}],"curies":[{"name":"wp","href":"https:\/\/api.w.org\/{rel}","templated":true}]}}