{"id":1447,"date":"2024-10-13T08:35:51","date_gmt":"2024-10-13T08:35:51","guid":{"rendered":"https:\/\/equilibriumpsychotherapy.net\/?page_id=1447"},"modified":"2024-10-26T08:52:08","modified_gmt":"2024-10-26T08:52:08","slug":"inclusivity","status":"publish","type":"page","link":"https:\/\/equilibriumpsychotherapy.net\/hr\/inclusivity\/","title":{"rendered":"Inkluzivnost"},"content":{"rendered":"<div class=\"wp-block-cover alignfull is-light\" style=\"padding-top:2%;min-height:60rem;aspect-ratio:unset;\"><span aria-hidden=\"true\" class=\"wp-block-cover__background has-white-background-color has-background-dim-0 has-background-dim\"><\/span><img loading=\"lazy\" decoding=\"async\" width=\"2560\" height=\"1707\" class=\"wp-block-cover__image-background wp-image-1484\" alt=\"\" src=\"https:\/\/equilibriumpsychotherapy.net\/wp-content\/uploads\/2024\/10\/pexels-anastasia-shuraeva-9501978-scaled.jpg\" style=\"object-position:55% 26%\" data-object-fit=\"cover\" data-object-position=\"55% 26%\" srcset=\"https:\/\/equilibriumpsychotherapy.net\/wp-content\/uploads\/2024\/10\/pexels-anastasia-shuraeva-9501978-scaled.jpg 2560w, https:\/\/equilibriumpsychotherapy.net\/wp-content\/uploads\/2024\/10\/pexels-anastasia-shuraeva-9501978-300x200.jpg 300w, https:\/\/equilibriumpsychotherapy.net\/wp-content\/uploads\/2024\/10\/pexels-anastasia-shuraeva-9501978-1024x683.jpg 1024w, https:\/\/equilibriumpsychotherapy.net\/wp-content\/uploads\/2024\/10\/pexels-anastasia-shuraeva-9501978-768x512.jpg 768w, https:\/\/equilibriumpsychotherapy.net\/wp-content\/uploads\/2024\/10\/pexels-anastasia-shuraeva-9501978-1536x1024.jpg 1536w, https:\/\/equilibriumpsychotherapy.net\/wp-content\/uploads\/2024\/10\/pexels-anastasia-shuraeva-9501978-2048x1365.jpg 2048w, https:\/\/equilibriumpsychotherapy.net\/wp-content\/uploads\/2024\/10\/pexels-anastasia-shuraeva-9501978-18x12.jpg 18w\" sizes=\"auto, (max-width: 2560px) 100vw, 2560px\" \/><div class=\"wp-block-cover__inner-container has-global-padding is-layout-constrained wp-container-core-cover-is-layout-ee51f2d2 wp-block-cover-is-layout-constrained\">\n<div class=\"wp-block-group alignwide is-vertical is-content-justification-center is-layout-flex wp-container-core-group-is-layout-b6c1f246 wp-block-group-is-layout-flex\" style=\"min-height:35rem\">\n<div class=\"wp-block-group has-global-padding is-content-justification-center is-layout-constrained wp-container-core-group-is-layout-8e19ae4a wp-block-group-is-layout-constrained\" style=\"margin-top:0;margin-bottom:0\">\n<h3 class=\"wp-block-heading has-text-align-center has-text-color\" style=\"color:#000000;margin-bottom:1rem;font-size:clamp(2.071rem, 2.071rem + ((1vw - 0.2rem) * 2.98), 3.71rem);font-style:normal;font-weight:400;line-height:1;text-transform:none\">Equilibrium Psihoterapija<\/h3>\n\n\n\n<h2 class=\"wp-block-heading has-text-align-center has-text-color\" style=\"color:#ffffff;margin-top:0rem;margin-bottom:1.01rem;font-size:clamp(2.84rem, 2.84rem + ((1vw - 0.2rem) * 4.855), 5.51rem);font-style:normal;font-weight:400;line-height:1.1;text-transform:capitalize\">Inkluzivnost<\/h2>\n<\/div>\n<\/div>\n<\/div><\/div>\n\n\n\n<section class=\"wp-block-group alignfull has-text-color has-global-padding is-layout-constrained wp-container-core-group-is-layout-3106b8b2 wp-block-group-is-layout-constrained\" style=\"color:#03081e;margin-top:0px;padding-top:3.8rem;padding-right:var(--wp--preset--spacing--40);padding-bottom:0.3rem;padding-left:var(--wp--preset--spacing--40);font-size:clamp(0.875rem, 0.875rem + ((1vw - 0.2rem) * 0.464), 1.13rem);font-style:normal;font-weight:400;line-height:1.4\">\n<figure class=\"wp-block-image aligncenter size-full is-resized eplus-wrapper\"><img loading=\"lazy\" decoding=\"async\" width=\"512\" height=\"512\" src=\"https:\/\/equilibriumpsychotherapy.net\/wp-content\/uploads\/2024\/10\/teamwork_14820649.png\" alt=\"\" class=\"wp-image-1449\" style=\"width:70px\" srcset=\"https:\/\/equilibriumpsychotherapy.net\/wp-content\/uploads\/2024\/10\/teamwork_14820649.png 512w, https:\/\/equilibriumpsychotherapy.net\/wp-content\/uploads\/2024\/10\/teamwork_14820649-300x300.png 300w, https:\/\/equilibriumpsychotherapy.net\/wp-content\/uploads\/2024\/10\/teamwork_14820649-150x150.png 150w, https:\/\/equilibriumpsychotherapy.net\/wp-content\/uploads\/2024\/10\/teamwork_14820649-12x12.png 12w\" sizes=\"auto, (max-width: 512px) 100vw, 512px\" \/><\/figure>\n\n\n\n<h2 class=\"wp-block-heading has-text-align-center eplus-wrapper has-text-color\" style=\"color:#00373e;margin-top:10px;font-size:clamp(33.419px, 2.089rem + ((1vw - 3.2px) * 3.021), 60px);font-style:normal;font-weight:400;line-height:1.2;text-transform:capitalize\">Inkluzija i prihva\u0107anje<\/h2>\n\n\n\n<p class=\"has-text-align-center eplus-wrapper has-text-color\" style=\"color:#00373e;margin-top:35px;margin-right:0;margin-bottom:56px;margin-left:0;font-size:clamp(15.747px, 0.984rem + ((1vw - 3.2px) * 0.938), 24px);font-style:normal;font-weight:300\">U Equilibriumu \u010dvrsto vjerujemo da je briga o mentalnom zdravlju temeljno pravo svakog pojedinca. Predani smo stvaranju sigurnog i podr\u017eavaju\u0107eg okru\u017eenja u kojem se svaka osoba \u2014 bez obzira na rasu, vjeru, rodni identitet, seksualnu orijentaciju ili porijeklo \u2014 osje\u0107a prihva\u0107eno, uva\u017eeno i po\u0161tovano.<\/p>\n<\/section>\n\n\n\n<section class=\"wp-block-group alignfull has-text-color has-global-padding is-layout-constrained wp-container-core-group-is-layout-ed94a2ff wp-block-group-is-layout-constrained\" style=\"color:#03081e;margin-top:0px;padding-top:0.8rem;padding-right:20px;padding-bottom:0rem;padding-left:20px;font-size:clamp(0.875rem, 0.875rem + ((1vw - 0.2rem) * 0.464), 1.13rem);font-style:normal;font-weight:400;line-height:1.4\">\n<h2 class=\"wp-block-heading has-text-align-left eplus-wrapper has-text-color\" style=\"color:#00373e;margin-top:10px;font-size:clamp(16.293px, 1.018rem + ((1vw - 3.2px) * 0.989), 25px);font-style:normal;font-weight:400;line-height:1.2;text-transform:capitalize\">Na\u0161a predanost razli\u010ditosti<\/h2>\n\n\n\n<p class=\"has-text-align-left eplus-wrapper has-text-color\" style=\"color:#00373e;margin-top:7px;margin-right:0;margin-bottom:57px;margin-left:0;font-size:clamp(14px, 0.875rem + ((1vw - 3.2px) * 0.455), 18px);font-style:normal;font-weight:300\">Razumijemo da su \u017eivotna iskustva svakog pojedinca jedinstvena. Na\u0161 tim je obu\u010den za pru\u017eanje kulturno osjetljive i prilago\u0111ene skrbi, a kontinuirano radimo na unapre\u0111enju svojih znanja i vje\u0161tina kako bismo na najbolji na\u010din odgovorili na potrebe klijenata iz razli\u010ditih kultura, pozadina i \u017eivotnih okolnosti.<\/p>\n<\/section>\n\n\n\n<section class=\"wp-block-group alignfull has-text-color has-global-padding is-layout-constrained wp-container-core-group-is-layout-ed94a2ff wp-block-group-is-layout-constrained\" style=\"color:#03081e;margin-top:0px;padding-top:0.8rem;padding-right:20px;padding-bottom:0rem;padding-left:20px;font-size:clamp(0.875rem, 0.875rem + ((1vw - 0.2rem) * 0.464), 1.13rem);font-style:normal;font-weight:400;line-height:1.4\">\n<h2 class=\"wp-block-heading has-text-align-left eplus-wrapper has-text-color\" style=\"color:#00373e;margin-top:10px;font-size:clamp(16.293px, 1.018rem + ((1vw - 3.2px) * 0.989), 25px);font-style:normal;font-weight:400;line-height:1.2;text-transform:capitalize\">Stvaranje Sigurnog i Podr\u017eavaju\u0107eg Prostora<\/h2>\n\n\n\n<p class=\"has-text-align-left eplus-wrapper has-text-color\" style=\"color:#00373e;margin-top:7px;margin-right:0;margin-bottom:57px;margin-left:0;font-size:clamp(14px, 0.875rem + ((1vw - 3.2px) * 0.455), 18px);font-style:normal;font-weight:300\">Svatko tko nam se obrati mo\u017ee o\u010dekivati sigurno i podr\u017eavaju\u0107e okru\u017eenje, li\u0161eno prosudbi i predrasuda. Njegujemo atmosferu empatije i razumijevanja, omogu\u0107uju\u0107i klijentima da slobodno izraze svoje brige i osje\u0107aje s povjerenjem i bez straha.<\/p>\n<\/section>\n\n\n\n<section class=\"wp-block-group alignfull has-text-color has-global-padding is-layout-constrained wp-container-core-group-is-layout-ed94a2ff wp-block-group-is-layout-constrained\" style=\"color:#03081e;margin-top:0px;padding-top:0.8rem;padding-right:20px;padding-bottom:0rem;padding-left:20px;font-size:clamp(0.875rem, 0.875rem + ((1vw - 0.2rem) * 0.464), 1.13rem);font-style:normal;font-weight:400;line-height:1.4\">\n<h2 class=\"wp-block-heading has-text-align-left eplus-wrapper has-text-color\" style=\"color:#00373e;margin-top:10px;font-size:clamp(16.293px, 1.018rem + ((1vw - 3.2px) * 0.989), 25px);font-style:normal;font-weight:400;line-height:1.2;text-transform:capitalize\">Dobrodo\u0161lica svim identitetima<\/h2>\n\n\n\n<p class=\"has-text-align-left eplus-wrapper has-text-color\" style=\"color:#00373e;margin-top:7px;margin-right:0;margin-bottom:57px;margin-left:0;font-size:clamp(14px, 0.875rem + ((1vw - 3.2px) * 0.455), 18px);font-style:normal;font-weight:300\">Ponosni smo \u0161to pru\u017eamo podr\u0161ku klijentima svih rasnih i etni\u010dkih podrijetla, vjerskih uvjerenja, rodnih identiteta i seksualnih orijentacija. Vjerujemo u va\u017enost stvaranja sigurne i prihvatljive sredine u kojoj se svaki pojedinac osje\u0107a cijenjeno i po\u0161tovano. Bilo da istra\u017eujete svoj identitet, suo\u010davate se s dru\u0161tvenim izazovima ili tra\u017eite prostor u kojem \u0107ete biti saslu\u0161ani i razumljeni, ovdje ste uvijek dobrodo\u0161li. Na\u0161a praksa posve\u0107ena je tome da vam pru\u017eimo profesionalnu i suosje\u0107ajnu podr\u0161ku, bez obzira na va\u0161u pro\u0161lost ili trenutne okolnosti.<\/p>\n<\/section>\n\n\n\n<section class=\"wp-block-group alignfull has-text-color has-global-padding is-layout-constrained wp-container-core-group-is-layout-ed94a2ff wp-block-group-is-layout-constrained\" style=\"color:#03081e;margin-top:0px;padding-top:0.8rem;padding-right:20px;padding-bottom:0rem;padding-left:20px;font-size:clamp(0.875rem, 0.875rem + ((1vw - 0.2rem) * 0.464), 1.13rem);font-style:normal;font-weight:400;line-height:1.4\">\n<h2 class=\"wp-block-heading has-text-align-left eplus-wrapper has-text-color\" style=\"color:#00373e;margin-top:10px;font-size:clamp(16.293px, 1.018rem + ((1vw - 3.2px) * 0.989), 25px);font-style:normal;font-weight:400;line-height:1.2;text-transform:capitalize\">Na\u0161 pristup inkluzivnosti u terapiji<\/h2>\n\n\n\n<p class=\"has-text-align-left eplus-wrapper has-text-color\" style=\"color:#00373e;margin-top:7px;margin-right:0;margin-bottom:57px;margin-left:0;font-size:clamp(14px, 0.875rem + ((1vw - 3.2px) * 0.455), 18px);font-style:normal;font-weight:300\">Na\u0161 pristup terapiji temelji se na dubokom razumijevanju da je svaka osoba oblikovana svojim jedinstvenim \u017eivotnim iskustvima, identitetom i kulturnim okvirom. S obzirom na to, na\u0161 tim se fokusira na individualizirani pristup koji prepoznaje i po\u0161tuje va\u0161e vrijednosti, uvjerenja i pozadinu. Svi na\u0161i terapeuti educirani su za pru\u017eanje kulturno osjetljive skrbi, \u0161to zna\u010di da pristupamo svakoj osobi uva\u017eavaju\u0107i njezine specifi\u010dne okolnosti i potrebe. Na\u0161a briga je uvijek u skladu s va\u0161im \u017eivotnim iskustvom, pru\u017eaju\u0107i siguran i podr\u017eavaju\u0107i prostor u kojem mo\u017eete istra\u017eivati, rasti i ostvarivati promjene koje vam odgovaraju.<\/p>\n<\/section>\n\n\n\n<div class=\"wp-block-cover alignfull is-light\" style=\"margin-top:0;margin-bottom:0;padding-top:70px;padding-bottom:70px\"><span aria-hidden=\"true\" class=\"wp-block-cover__background has-background-dim-100 has-background-dim\" style=\"background-color:#fafafa\"><\/span><div class=\"wp-block-cover__inner-container has-global-padding is-layout-constrained wp-container-core-cover-is-layout-d384def8 wp-block-cover-is-layout-constrained\">\n<h1 class=\"wp-block-heading has-text-align-center has-text-color has-work-sans-regular-font-family\" style=\"color:#00373e;margin-bottom:0px;font-size:clamp(24.034px, 1.502rem + ((1vw - 3.2px) * 1.814), 40px);font-style:normal;font-weight:300;letter-spacing:-1px\">Pridru\u017eite nam se u izgradnji inkluzivnije budu\u0107nosti<\/h1>\n\n\n\n<div class=\"wp-block-columns is-layout-flex wp-container-core-columns-is-layout-b0223d67 wp-block-columns-is-layout-flex\" style=\"padding-top:60px;padding-bottom:20px\">\n<div class=\"wp-block-column is-layout-flow wp-block-column-is-layout-flow\">\n<figure class=\"wp-block-image size-full\"><img decoding=\"async\" src=\"https:\/\/tyler.com\/wp-content\/uploads\/2023\/11\/love-nature-picture11.jpg\" alt=\"\" class=\"wp-image-2264\"\/><\/figure>\n<\/div>\n\n\n\n<div class=\"wp-block-column is-layout-flow wp-block-column-is-layout-flow\">\n<figure class=\"wp-block-image size-full\"><img decoding=\"async\" src=\"https:\/\/tyler.com\/wp-content\/uploads\/2023\/11\/love-nature-picture12.jpg\" alt=\"\" class=\"wp-image-2265\"\/><\/figure>\n<\/div>\n\n\n\n<div class=\"wp-block-column is-layout-flow wp-block-column-is-layout-flow\">\n<figure class=\"wp-block-image size-full\"><img decoding=\"async\" src=\"https:\/\/tyler.com\/wp-content\/uploads\/2023\/11\/love-nature-picture13.jpg\" alt=\"\" class=\"wp-image-2266\"\/><\/figure>\n<\/div>\n\n\n\n<div class=\"wp-block-column is-layout-flow wp-block-column-is-layout-flow\">\n<figure class=\"wp-block-image size-full\"><img decoding=\"async\" src=\"https:\/\/tyler.com\/wp-content\/uploads\/2023\/11\/love-nature-picture14.jpg\" alt=\"\" class=\"wp-image-2267\"\/><\/figure>\n<\/div>\n<\/div>\n<\/div><\/div>\n\n\n\n<p class=\"has-text-align-center eplus-wrapper has-text-color\" style=\"color:#00373e;margin-top:35px;margin-right:0;margin-bottom:56px;margin-left:0;font-size:clamp(15.747px, 0.984rem + ((1vw - 3.2px) * 0.938), 24px);font-style:normal;font-weight:300\">Vjerujemo da bi skrb o mentalnom zdravlju trebala biti dostupna svima, bez obzira na njihove okolnosti. Pozivamo vas da nam se pridru\u017eite u stvaranju budu\u0107nosti u kojoj inkluzivnost, razumijevanje i empatija ne samo da postoje, ve\u0107 i cvjetaju. Ovdje ste dobrodo\u0161li, bez obzira na va\u0161 identitet ili iskustva. Na\u0161 tim je predan pru\u017eanju prostora u kojem se osje\u0107ate sigurno, po\u0161tovano i razumljeno.<\/p>\n\n\n\n<section class=\"wp-block-cover alignfull\" style=\"margin-top:0px;padding-top:1.01rem;padding-bottom:1.01rem;min-height:430px;aspect-ratio:unset;\"><span aria-hidden=\"true\" class=\"wp-block-cover__background has-background-dim-100 has-background-dim\" style=\"background-color:#0b1f30\"><\/span><img loading=\"lazy\" decoding=\"async\" width=\"2560\" height=\"1708\" class=\"wp-block-cover__image-background wp-image-230\" alt=\"\" src=\"https:\/\/equilibriumpsychotherapy.net\/wp-content\/uploads\/2024\/06\/mid-shot-woman-therapist-taking-notes-clipboard-scaled.jpg\" style=\"object-position:52% 43%\" data-object-fit=\"cover\" data-object-position=\"52% 43%\" srcset=\"https:\/\/equilibriumpsychotherapy.net\/wp-content\/uploads\/2024\/06\/mid-shot-woman-therapist-taking-notes-clipboard-scaled.jpg 2560w, https:\/\/equilibriumpsychotherapy.net\/wp-content\/uploads\/2024\/06\/mid-shot-woman-therapist-taking-notes-clipboard-300x200.jpg 300w, https:\/\/equilibriumpsychotherapy.net\/wp-content\/uploads\/2024\/06\/mid-shot-woman-therapist-taking-notes-clipboard-1024x683.jpg 1024w, https:\/\/equilibriumpsychotherapy.net\/wp-content\/uploads\/2024\/06\/mid-shot-woman-therapist-taking-notes-clipboard-768x512.jpg 768w, https:\/\/equilibriumpsychotherapy.net\/wp-content\/uploads\/2024\/06\/mid-shot-woman-therapist-taking-notes-clipboard-1536x1025.jpg 1536w\" sizes=\"auto, (max-width: 2560px) 100vw, 2560px\" \/><div class=\"wp-block-cover__inner-container has-global-padding is-layout-constrained wp-container-core-cover-is-layout-b1bebcb3 wp-block-cover-is-layout-constrained\">\n<div class=\"wp-block-group has-text-color is-layout-flow wp-block-group-is-layout-flow\" style=\"color:#fffffd;margin-top:0px;padding-top:0rem;padding-right:1rem;padding-bottom:0rem;padding-left:1rem;font-size:clamp(0.875rem, 0.875rem + ((1vw - 0.2rem) * 0.464), 1.13rem);font-style:normal;font-weight:400;line-height:1.4\">\n<div class=\"wp-block-group has-global-padding is-layout-constrained wp-container-core-group-is-layout-bdbfdc43 wp-block-group-is-layout-constrained\">\n<h2 class=\"wp-block-heading has-text-align-center has-text-color\" style=\"color:#fffffd;margin-bottom:0rem;font-size:clamp(1.507rem, 1.507rem + ((1vw - 0.2rem) * 1.824), 2.51rem);font-style:normal;font-weight:400;line-height:1.2\">Svi, bez obzira na to tko su ili gdje \u017eive, zaslu\u017euju pristup kvalitetnoj zdravstvenoj skrbi.<\/h2>\n<\/div>\n\n\n\n<div class=\"wp-block-group is-vertical is-content-justification-stretch is-layout-flex wp-container-core-group-is-layout-bfdebe91 wp-block-group-is-layout-flex\" style=\"margin-top:1.81rem;padding-right:0px;padding-left:0px\">\n<div class=\"wp-block-group has-global-padding is-content-justification-center is-layout-constrained wp-container-core-group-is-layout-2f0bcb29 wp-block-group-is-layout-constrained\" style=\"margin-top:0px\">\n<div class=\"wp-block-buttons eplus-wrapper is-horizontal is-content-justification-left is-layout-flex wp-container-core-buttons-is-layout-50dd055c wp-block-buttons-is-layout-flex\" style=\"margin-top:2.51rem\">\n<div class=\"wp-block-button has-custom-width wp-block-button__width-100 has-custom-font-size footer_b is-style-fill\" style=\"font-size:clamp(0.875rem, 0.875rem + ((1vw - 0.2rem) * 0.409), 1.1rem);font-style:normal;font-weight:400;line-height:1;text-transform:capitalize\"><a class=\"wp-block-button__link has-text-color has-background has-border-color wp-element-button\" href=\"https:\/\/equilibriumpsychotherapy.net\/hr\/contact\/\" style=\"border-color:#ffffff;border-style:solid;border-width:1px;border-radius:2.5rem;color:#ffffff;background-color:#d92b2b00;padding-top:1.1rem;padding-right:0.81rem;padding-bottom:1.1rem;padding-left:0.81rem\">KONTAKTIRAJTE NAS<\/a><\/div>\n<\/div>\n<\/div>\n<\/div>\n<\/div>\n<\/div><\/section>","protected":false},"excerpt":{"rendered":"<p>Inclusivity &amp; Acceptance At Equilibrium, we believe mental health care is a fundamental right for every individual. Our practice is committed to creating an environment where all people\u2014regardless of race, religion, gender identity, sexual orientation, or background\u2014feel welcome and respected. Our Commitment to Diversity We understand that each person\u2019s life experiences are unique. Our team [&hellip;]<\/p>\n","protected":false},"author":1,"featured_media":0,"parent":0,"menu_order":0,"comment_status":"closed","ping_status":"closed","template":"","meta":{"iawp_total_views":27,"footnotes":""},"class_list":["post-1447","page","type-page","status-publish","hentry"],"_links":{"self":[{"href":"https:\/\/equilibriumpsychotherapy.net\/hr\/wp-json\/wp\/v2\/pages\/1447","targetHints":{"allow":["GET"]}}],"collection":[{"href":"https:\/\/equilibriumpsychotherapy.net\/hr\/wp-json\/wp\/v2\/pages"}],"about":[{"href":"https:\/\/equilibriumpsychotherapy.net\/hr\/wp-json\/wp\/v2\/types\/page"}],"author":[{"embeddable":true,"href":"https:\/\/equilibriumpsychotherapy.net\/hr\/wp-json\/wp\/v2\/users\/1"}],"replies":[{"embeddable":true,"href":"https:\/\/equilibriumpsychotherapy.net\/hr\/wp-json\/wp\/v2\/comments?post=1447"}],"version-history":[{"count":5,"href":"https:\/\/equilibriumpsychotherapy.net\/hr\/wp-json\/wp\/v2\/pages\/1447\/revisions"}],"predecessor-version":[{"id":1707,"href":"https:\/\/equilibriumpsychotherapy.net\/hr\/wp-json\/wp\/v2\/pages\/1447\/revisions\/1707"}],"wp:attachment":[{"href":"https:\/\/equilibriumpsychotherapy.net\/hr\/wp-json\/wp\/v2\/media?parent=1447"}],"curies":[{"name":"wp","href":"https:\/\/api.w.org\/{rel}","templated":true}]}}