{"id":1378,"date":"2024-10-12T08:26:14","date_gmt":"2024-10-12T08:26:14","guid":{"rendered":"https:\/\/equilibriumpsychotherapy.net\/?page_id=1378"},"modified":"2024-10-26T08:52:17","modified_gmt":"2024-10-26T08:52:17","slug":"privacy","status":"publish","type":"page","link":"https:\/\/equilibriumpsychotherapy.net\/hr\/privacy\/","title":{"rendered":"Za\u0161tita privatnosti"},"content":{"rendered":"<div class=\"wp-block-cover alignfull\" style=\"padding-top:2%;min-height:60rem;aspect-ratio:unset;\"><span aria-hidden=\"true\" class=\"wp-block-cover__background has-white-background-color has-background-dim-0 has-background-dim\"><\/span><img loading=\"lazy\" decoding=\"async\" width=\"1707\" height=\"2560\" class=\"wp-block-cover__image-background wp-image-1562\" alt=\"\" src=\"https:\/\/equilibriumpsychotherapy.net\/wp-content\/uploads\/2024\/10\/pexels-pamanjoe-28908030_11zon-scaled.jpg\" data-object-fit=\"cover\" srcset=\"https:\/\/equilibriumpsychotherapy.net\/wp-content\/uploads\/2024\/10\/pexels-pamanjoe-28908030_11zon-scaled.jpg 1707w, https:\/\/equilibriumpsychotherapy.net\/wp-content\/uploads\/2024\/10\/pexels-pamanjoe-28908030_11zon-200x300.jpg 200w, https:\/\/equilibriumpsychotherapy.net\/wp-content\/uploads\/2024\/10\/pexels-pamanjoe-28908030_11zon-683x1024.jpg 683w, https:\/\/equilibriumpsychotherapy.net\/wp-content\/uploads\/2024\/10\/pexels-pamanjoe-28908030_11zon-768x1152.jpg 768w, https:\/\/equilibriumpsychotherapy.net\/wp-content\/uploads\/2024\/10\/pexels-pamanjoe-28908030_11zon-1024x1536.jpg 1024w\" sizes=\"auto, (max-width: 1707px) 100vw, 1707px\" \/><div class=\"wp-block-cover__inner-container has-global-padding is-layout-constrained wp-container-core-cover-is-layout-ee51f2d2 wp-block-cover-is-layout-constrained\">\n<div class=\"wp-block-group alignwide is-vertical is-content-justification-center is-layout-flex wp-container-core-group-is-layout-b6c1f246 wp-block-group-is-layout-flex\" style=\"min-height:35rem\">\n<div class=\"wp-block-group has-global-padding is-content-justification-center is-layout-constrained wp-container-core-group-is-layout-8e19ae4a wp-block-group-is-layout-constrained\" style=\"margin-top:0;margin-bottom:0\">\n<h3 class=\"wp-block-heading has-text-align-center has-text-color has-background\" style=\"color:#000000;background-color:#ffffff00;margin-bottom:1rem;font-size:clamp(2.071rem, 2.071rem + ((1vw - 0.2rem) * 2.98), 3.71rem);font-style:normal;font-weight:400;line-height:1;text-transform:none\">Equilibrium Psihoterapija<\/h3>\n\n\n\n<h2 class=\"wp-block-heading has-text-align-center has-text-color\" style=\"color:#ffffff;margin-top:0rem;margin-bottom:1.01rem;font-size:clamp(2.84rem, 2.84rem + ((1vw - 0.2rem) * 4.855), 5.51rem);font-style:normal;font-weight:400;line-height:1.1;text-transform:capitalize\">Za\u0161tita privatnosti<\/h2>\n<\/div>\n<\/div>\n<\/div><\/div>\n\n\n\n<section class=\"wp-block-group alignfull has-text-color has-global-padding is-layout-constrained wp-container-core-group-is-layout-3106b8b2 wp-block-group-is-layout-constrained\" style=\"color:#03081e;margin-top:0px;padding-top:3.8rem;padding-right:var(--wp--preset--spacing--40);padding-bottom:0.3rem;padding-left:var(--wp--preset--spacing--40);font-size:clamp(0.875rem, 0.875rem + ((1vw - 0.2rem) * 0.464), 1.13rem);font-style:normal;font-weight:400;line-height:1.4\">\n<figure class=\"wp-block-image aligncenter size-full is-resized eplus-wrapper\"><img loading=\"lazy\" decoding=\"async\" width=\"512\" height=\"512\" src=\"https:\/\/equilibriumpsychotherapy.net\/wp-content\/uploads\/2024\/10\/palm-tree_2220053.png\" alt=\"\" class=\"wp-image-1380\" style=\"width:70px\" srcset=\"https:\/\/equilibriumpsychotherapy.net\/wp-content\/uploads\/2024\/10\/palm-tree_2220053.png 512w, https:\/\/equilibriumpsychotherapy.net\/wp-content\/uploads\/2024\/10\/palm-tree_2220053-300x300.png 300w, https:\/\/equilibriumpsychotherapy.net\/wp-content\/uploads\/2024\/10\/palm-tree_2220053-150x150.png 150w\" sizes=\"auto, (max-width: 512px) 100vw, 512px\" \/><\/figure>\n\n\n\n<h2 class=\"wp-block-heading has-text-align-center eplus-wrapper has-text-color\" style=\"color:#00373e;margin-top:10px;font-size:clamp(33.419px, 2.089rem + ((1vw - 3.2px) * 3.021), 60px);font-style:normal;font-weight:400;line-height:1.2;text-transform:capitalize\">Politika privatnosti<\/h2>\n\n\n\n<p class=\"has-text-align-center eplus-wrapper has-text-color\" style=\"color:#00373e;margin-top:35px;margin-right:0;margin-bottom:56px;margin-left:0;font-size:clamp(15.747px, 0.984rem + ((1vw - 3.2px) * 0.938), 24px);font-style:normal;font-weight:300\">U Equilibriumu, va\u0161a privatnost je na\u0161a najvi\u0161a prioritet. Predani smo o\u010duvanju sigurnosti va\u0161ih osobnih podataka i za\u0161titi va\u0161ih prava. Ova Politika privatnosti detaljno opisuje kako prikupljamo, obra\u0111ujemo, dijelimo i \u0161titimo va\u0161e podatke kada koristite na\u0161e usluge, uklju\u010duju\u0107i pristup na\u0161oj web stranici, terapijske sesije i sve ostale oblike komunikacije s na\u0161im timom. Na\u0161a svrha je osigurati da se osje\u0107ate sigurno i za\u0161ti\u0107eno u svakom trenutku, dok istovremeno pru\u017eamo visoko kvalitetnu uslugu.<\/p>\n<\/section>\n\n\n\n<section class=\"wp-block-group alignfull has-text-color has-global-padding is-layout-constrained wp-container-core-group-is-layout-ed94a2ff wp-block-group-is-layout-constrained\" style=\"color:#03081e;margin-top:0px;padding-top:0.8rem;padding-right:20px;padding-bottom:0rem;padding-left:20px;font-size:clamp(0.875rem, 0.875rem + ((1vw - 0.2rem) * 0.464), 1.13rem);font-style:normal;font-weight:400;line-height:1.4\">\n<h2 class=\"wp-block-heading has-text-align-left eplus-wrapper has-text-color\" style=\"color:#00373e;margin-top:10px;font-size:clamp(16.293px, 1.018rem + ((1vw - 3.2px) * 0.989), 25px);font-style:normal;font-weight:400;line-height:1.2;text-transform:capitalize\">Informacije koje prikupljamo<\/h2>\n\n\n\n<p class=\"has-text-align-left eplus-wrapper has-text-color\" style=\"color:#00373e;margin-top:7px;margin-right:0;margin-bottom:57px;margin-left:0;font-size:clamp(14px, 0.875rem + ((1vw - 3.2px) * 0.455), 18px);font-style:normal;font-weight:300\">Osobni podaci:<br><br>Prikupljamo osobne podatke koje nam dostavite prilikom kreiranja ra\u010duna, rezervacije termina ili komunikacije s nama. Ovi podaci mogu uklju\u010divati:<br><br>\u2022 Ime<br>\u2022 Email adresu<br>\u2022 Telefonski broj<br>\u2022 Podaci o pla\u0107anju<br>\u2022 Povijest bolesti i druge relevantne zdravstvene informacije<br><br>Neosobni podaci:<br><br>Kada posjetite na\u0161u web stranicu, automatski prikupljamo neosobne podatke koji nam omogu\u0107uju pobolj\u0161anje va\u0161eg korisni\u010dkog iskustva. Ovi podaci uklju\u010duju:<br><br>\u2022 IP adresa<br>\u2022 Vrsta i verzija preglednika<br>\u2022 Informacije o ure\u0111aju<br>\u2022 Posje\u0107ene stranice<br>\u2022 Vrijeme i datum posjeta<\/p>\n<\/section>\n\n\n\n<section class=\"wp-block-group alignfull has-text-color has-global-padding is-layout-constrained wp-container-core-group-is-layout-ed94a2ff wp-block-group-is-layout-constrained\" style=\"color:#03081e;margin-top:0px;padding-top:0.8rem;padding-right:20px;padding-bottom:0rem;padding-left:20px;font-size:clamp(0.875rem, 0.875rem + ((1vw - 0.2rem) * 0.464), 1.13rem);font-style:normal;font-weight:400;line-height:1.4\">\n<h2 class=\"wp-block-heading has-text-align-left eplus-wrapper has-text-color\" style=\"color:#00373e;margin-top:10px;font-size:clamp(16.293px, 1.018rem + ((1vw - 3.2px) * 0.989), 25px);font-style:normal;font-weight:400;line-height:1.2;text-transform:capitalize\">Kako koristimo va\u0161e podatke<\/h2>\n\n\n\n<p class=\"has-text-align-left eplus-wrapper has-text-color\" style=\"color:#00373e;margin-top:7px;margin-right:0;margin-bottom:57px;margin-left:0;font-size:clamp(14px, 0.875rem + ((1vw - 3.2px) * 0.455), 18px);font-style:normal;font-weight:300\">Va\u0161e podatke mo\u017eemo koristiti u razli\u010dite svrhe, uklju\u010duju\u0107i, ali ne ograni\u010davaju\u0107i se na:<br><br>\u2022 Pru\u017eanje i upravljanje uslugama: Va\u0161i podaci koriste se za pru\u017eanje terapijskih sesija i povezane usluge, uklju\u010duju\u0107i planiranje, organizaciju i izvr\u0161enje tih usluga, kako bismo osigurali kvalitetu i u\u010dinkovitost terapijskog procesa.<br>\u2022 Komunikacija: Za obavje\u0161tavanje o terminima, promjenama u rasporedu, kao i za slanje informacija o uslugama koje pru\u017eamo.<br>\u2022 Personalizacija: Za pobolj\u0161anje va\u0161eg iskustva i pobolj\u0161anje na\u0161ih usluga na temelju va\u0161ih potreba.<br>\u2022 Marketing: Za slanje informacija o novostima, promocijama i a\u017euriranjima na\u0161ih usluga. Ove aktivnosti odvijaju se samo uz va\u0161 izri\u010diti pristanak, kada je to zakonski potrebno.<br>\u2022 Uskla\u0111enost s pravnim propisima: Za ispunjavanje zakonskih obveza, regulacija ili pravnih zahtjeva koji se odnose na na\u0161e poslovanje i pru\u017eanje usluga.<\/p>\n<\/section>\n\n\n\n<section class=\"wp-block-group alignfull has-text-color has-global-padding is-layout-constrained wp-container-core-group-is-layout-ed94a2ff wp-block-group-is-layout-constrained\" style=\"color:#03081e;margin-top:0px;padding-top:0.8rem;padding-right:20px;padding-bottom:0rem;padding-left:20px;font-size:clamp(0.875rem, 0.875rem + ((1vw - 0.2rem) * 0.464), 1.13rem);font-style:normal;font-weight:400;line-height:1.4\">\n<h2 class=\"wp-block-heading has-text-align-left eplus-wrapper has-text-color\" style=\"color:#00373e;margin-top:10px;font-size:clamp(16.293px, 1.018rem + ((1vw - 3.2px) * 0.989), 25px);font-style:normal;font-weight:400;line-height:1.2;text-transform:capitalize\">Dijeljenje Va\u0161ih podataka<\/h2>\n\n\n\n<p class=\"has-text-align-left eplus-wrapper has-text-color\" style=\"color:#00373e;margin-top:7px;margin-right:0;margin-bottom:57px;margin-left:0;font-size:clamp(14px, 0.875rem + ((1vw - 3.2px) * 0.455), 18px);font-style:normal;font-weight:300\">Va\u0161i osobni podaci nisu predmet prodaje niti iznajmljivanja tre\u0107im stranama. Me\u0111utim, u odre\u0111enim okolnostima, mo\u017eemo ih dijeliti s tre\u0107im stranama, i to isklju\u010divo u sljede\u0107im situacijama:<br><br>\u2022 Uz va\u0161 pristanak: Va\u0161e osobne podatke dijelit \u0107emo s tre\u0107im stranama isklju\u010divo uz va\u0161u izri\u010ditu suglasnost.<br>\u2022 Pru\u017eatelji usluga: Kako bismo osigurali kvalitetnu uslugu, mo\u017eemo anga\u017eirati vanjske suradnike ili partnera. Ove tre\u0107e strane obvezane su po\u0161tovati stroge standarde za\u0161tite privatnosti i smiju koristiti va\u0161e podatke samo u svrhe povezane s pru\u017eanjem na\u0161ih usluga.<br>\u2022 Uskla\u0111enost sa pravnim zahtjevima: Va\u0161i podaci mogu biti otkriveni u slu\u010dajevima kada to zahtijeva zakon, ili u svrhu za\u0161tite na\u0161ih zakonskih prava, sigurnosti, imovine i interesa, kao i prava i sigurnosti na\u0161ih klijenata ili drugih osoba.<\/p>\n<\/section>\n\n\n\n<section class=\"wp-block-group alignfull has-text-color has-global-padding is-layout-constrained wp-container-core-group-is-layout-ed94a2ff wp-block-group-is-layout-constrained\" style=\"color:#03081e;margin-top:0px;padding-top:0.8rem;padding-right:20px;padding-bottom:0rem;padding-left:20px;font-size:clamp(0.875rem, 0.875rem + ((1vw - 0.2rem) * 0.464), 1.13rem);font-style:normal;font-weight:400;line-height:1.4\">\n<h2 class=\"wp-block-heading has-text-align-left eplus-wrapper has-text-color\" style=\"color:#00373e;margin-top:10px;font-size:clamp(16.293px, 1.018rem + ((1vw - 3.2px) * 0.989), 25px);font-style:normal;font-weight:400;line-height:1.2;text-transform:capitalize\">Sigurnost podataka<\/h2>\n\n\n\n<p class=\"has-text-align-left eplus-wrapper has-text-color\" style=\"color:#00373e;margin-top:7px;margin-right:0;margin-bottom:57px;margin-left:0;font-size:clamp(14px, 0.875rem + ((1vw - 3.2px) * 0.455), 18px);font-style:normal;font-weight:300\">Poduzimamo sve potrebne sigurnosne mjere kako bismo osigurali za\u0161titu va\u0161ih osobnih podataka od neovla\u0161tenog pristupa, kori\u0161tenja ili otkrivanja. Iako se trudimo pru\u017eiti najvi\u0161u razinu za\u0161tite, imajte na umu da nijedna metoda prijenosa podataka putem interneta nije potpuno sigurna, stoga ne mo\u017eemo jam\u010diti potpunu sigurnost.<\/p>\n<\/section>\n\n\n\n<section class=\"wp-block-group alignfull has-text-color has-global-padding is-layout-constrained wp-container-core-group-is-layout-ed94a2ff wp-block-group-is-layout-constrained\" style=\"color:#03081e;margin-top:0px;padding-top:0.8rem;padding-right:20px;padding-bottom:0rem;padding-left:20px;font-size:clamp(0.875rem, 0.875rem + ((1vw - 0.2rem) * 0.464), 1.13rem);font-style:normal;font-weight:400;line-height:1.4\">\n<h2 class=\"wp-block-heading has-text-align-left eplus-wrapper has-text-color\" style=\"color:#00373e;margin-top:10px;font-size:clamp(16.293px, 1.018rem + ((1vw - 3.2px) * 0.989), 25px);font-style:normal;font-weight:400;line-height:1.2;text-transform:capitalize\">Va\u0161a prava<\/h2>\n\n\n\n<p class=\"has-text-align-left eplus-wrapper has-text-color\" style=\"color:#00373e;margin-top:7px;margin-right:0;margin-bottom:57px;margin-left:0;font-size:clamp(14px, 0.875rem + ((1vw - 3.2px) * 0.455), 18px);font-style:normal;font-weight:300\">Va\u0161a prava u pogledu osobnih podataka uklju\u010duju sljede\u0107e:<br><br>\u2022 Pristup: imate pravo zatra\u017eiti kopije svojih osobnih podataka.<br>\u2022 Ispravak: Imate pravo zahtijevati ispravak neto\u010dnih ili nepotpunih podataka.<br>\u2022 Brisanje: Pod odre\u0111enim okolnostima mo\u017eete zatra\u017eiti brisanje svojih osobnih podataka.<br>\u2022 Prigovor: imate pravo prigovoriti ili ograni\u010diti obradu va\u0161ih podataka.<br>\u2022 Povla\u010denje pristanka: Ukoliko se obrada va\u0161ih podataka temelji na va\u0161em pristanku, imate pravo povu\u0107i taj pristanak u bilo kojem trenutku.<\/p>\n<\/section>\n\n\n\n<section class=\"wp-block-group alignfull has-text-color has-global-padding is-layout-constrained wp-container-core-group-is-layout-ed94a2ff wp-block-group-is-layout-constrained\" style=\"color:#03081e;margin-top:0px;padding-top:0.8rem;padding-right:20px;padding-bottom:0rem;padding-left:20px;font-size:clamp(0.875rem, 0.875rem + ((1vw - 0.2rem) * 0.464), 1.13rem);font-style:normal;font-weight:400;line-height:1.4\">\n<h2 class=\"wp-block-heading has-text-align-left eplus-wrapper has-text-color\" style=\"color:#00373e;margin-top:10px;font-size:clamp(16.293px, 1.018rem + ((1vw - 3.2px) * 0.989), 25px);font-style:normal;font-weight:400;line-height:1.2;text-transform:capitalize\">Web stranice tre\u0107ih strana i vanjski linkovi<\/h2>\n\n\n\n<p class=\"has-text-align-left eplus-wrapper has-text-color\" style=\"color:#00373e;margin-top:7px;margin-right:0;margin-bottom:57px;margin-left:0;font-size:clamp(14px, 0.875rem + ((1vw - 3.2px) * 0.455), 18px);font-style:normal;font-weight:300\">Na\u0161a web stranica mo\u017ee sadr\u017eavati poveznice na web stranice tre\u0107ih strana. Nismo odgovorni za sadr\u017eaj niti praksu privatnosti tih stranica. Savjetujemo vam da pro\u010ditate pravila o privatnosti na svim vanjskim web stranicama koje posje\u0107ujete, kako biste razumjeli na\u010din na koji se va\u0161i podaci prikupljaju i obra\u0111uju.<\/p>\n<\/section>\n\n\n\n<section class=\"wp-block-group alignfull has-text-color has-global-padding is-layout-constrained wp-container-core-group-is-layout-ed94a2ff wp-block-group-is-layout-constrained\" style=\"color:#03081e;margin-top:0px;padding-top:0.8rem;padding-right:20px;padding-bottom:0rem;padding-left:20px;font-size:clamp(0.875rem, 0.875rem + ((1vw - 0.2rem) * 0.464), 1.13rem);font-style:normal;font-weight:400;line-height:1.4\">\n<h2 class=\"wp-block-heading has-text-align-left eplus-wrapper has-text-color\" style=\"color:#00373e;margin-top:10px;font-size:clamp(16.293px, 1.018rem + ((1vw - 3.2px) * 0.989), 25px);font-style:normal;font-weight:400;line-height:1.2;text-transform:capitalize\">Kola\u010di\u0107i i tehnologije pra\u0107enja<\/h2>\n\n\n\n<p class=\"has-text-align-left eplus-wrapper has-text-color\" style=\"color:#00373e;margin-top:7px;margin-right:0;margin-bottom:57px;margin-left:0;font-size:clamp(14px, 0.875rem + ((1vw - 3.2px) * 0.455), 18px);font-style:normal;font-weight:300\">Mo\u017eemo koristiti kola\u010di\u0107e i sli\u010dne tehnologije pra\u0107enja kako bismo pobolj\u0161ali va\u0161e iskustvo na na\u0161oj web stranici. Kola\u010di\u0107i su male datoteke koje se pohranjuju na va\u0161em ure\u0111aju, a koje nam poma\u017eu u prepoznavanju korisnika i pobolj\u0161anju na\u0161ih usluga. Postavke kola\u010di\u0107a mo\u017eete prilagoditi putem postavki va\u0161eg preglednika.<\/p>\n<\/section>\n\n\n\n<section class=\"wp-block-group alignfull has-text-color has-global-padding is-layout-constrained wp-container-core-group-is-layout-ed94a2ff wp-block-group-is-layout-constrained\" style=\"color:#03081e;margin-top:0px;padding-top:0.8rem;padding-right:20px;padding-bottom:0rem;padding-left:20px;font-size:clamp(0.875rem, 0.875rem + ((1vw - 0.2rem) * 0.464), 1.13rem);font-style:normal;font-weight:400;line-height:1.4\">\n<h2 class=\"wp-block-heading has-text-align-left eplus-wrapper has-text-color\" style=\"color:#00373e;margin-top:10px;font-size:clamp(16.293px, 1.018rem + ((1vw - 3.2px) * 0.989), 25px);font-style:normal;font-weight:400;line-height:1.2;text-transform:capitalize\">Izmjene pravila politike privatnosti<\/h2>\n\n\n\n<p class=\"has-text-align-left eplus-wrapper has-text-color\" style=\"color:#00373e;margin-top:7px;margin-right:0;margin-bottom:57px;margin-left:0;font-size:clamp(14px, 0.875rem + ((1vw - 3.2px) * 0.455), 18px);font-style:normal;font-weight:300\">Povremeno \u0107emo a\u017eurirati na\u0161a Pravila o privatnosti kako bismo odrazili promjene u na\u0161im praksama ili iz drugih operativnih, pravnih ili regulatornih razloga. Svi a\u017eurirani uvjeti bit \u0107e objavljeni na ovoj stranici, zajedno s datumom kada stupaju na snagu. Preporu\u010dujemo da redovito pregledavate ovu Politiku Privatnosti kako biste bili informirani o svim izmjenama.<\/p>\n<\/section>\n\n\n\n<p class=\"has-text-align-center eplus-wrapper has-text-color\" style=\"color:#00373e;margin-top:35px;margin-right:0;margin-bottom:56px;margin-left:0;font-size:clamp(15.747px, 0.984rem + ((1vw - 3.2px) * 0.938), 24px);font-style:normal;font-weight:300\">Va\u0161a privatnost nam je prioritet. Hvala \u0161to ste odabrali Equilibrium psihoterapiju i povjerili nam brigu o va\u0161em mentalnom zdravlju.<\/p>\n\n\n\n<section class=\"wp-block-cover alignfull\" style=\"margin-top:0px;padding-top:1.01rem;padding-bottom:1.01rem;min-height:430px;aspect-ratio:unset;\"><span aria-hidden=\"true\" class=\"wp-block-cover__background has-background-dim-100 has-background-dim\" style=\"background-color:#0b1f30\"><\/span><img loading=\"lazy\" decoding=\"async\" width=\"2560\" height=\"1708\" class=\"wp-block-cover__image-background wp-image-230\" alt=\"\" src=\"https:\/\/equilibriumpsychotherapy.net\/wp-content\/uploads\/2024\/06\/mid-shot-woman-therapist-taking-notes-clipboard-scaled.jpg\" style=\"object-position:52% 43%\" data-object-fit=\"cover\" data-object-position=\"52% 43%\" srcset=\"https:\/\/equilibriumpsychotherapy.net\/wp-content\/uploads\/2024\/06\/mid-shot-woman-therapist-taking-notes-clipboard-scaled.jpg 2560w, https:\/\/equilibriumpsychotherapy.net\/wp-content\/uploads\/2024\/06\/mid-shot-woman-therapist-taking-notes-clipboard-300x200.jpg 300w, https:\/\/equilibriumpsychotherapy.net\/wp-content\/uploads\/2024\/06\/mid-shot-woman-therapist-taking-notes-clipboard-1024x683.jpg 1024w, https:\/\/equilibriumpsychotherapy.net\/wp-content\/uploads\/2024\/06\/mid-shot-woman-therapist-taking-notes-clipboard-768x512.jpg 768w, https:\/\/equilibriumpsychotherapy.net\/wp-content\/uploads\/2024\/06\/mid-shot-woman-therapist-taking-notes-clipboard-1536x1025.jpg 1536w\" sizes=\"auto, (max-width: 2560px) 100vw, 2560px\" \/><div class=\"wp-block-cover__inner-container has-global-padding is-layout-constrained wp-container-core-cover-is-layout-b1bebcb3 wp-block-cover-is-layout-constrained\">\n<div class=\"wp-block-group has-text-color is-layout-flow wp-block-group-is-layout-flow\" style=\"color:#fffffd;margin-top:0px;padding-top:0rem;padding-right:1rem;padding-bottom:0rem;padding-left:1rem;font-size:clamp(0.875rem, 0.875rem + ((1vw - 0.2rem) * 0.464), 1.13rem);font-style:normal;font-weight:400;line-height:1.4\">\n<div class=\"wp-block-group has-global-padding is-layout-constrained wp-container-core-group-is-layout-bdbfdc43 wp-block-group-is-layout-constrained\">\n<h2 class=\"wp-block-heading has-text-align-center has-text-color\" style=\"color:#fffffd;margin-bottom:0rem;font-size:clamp(1.507rem, 1.507rem + ((1vw - 0.2rem) * 1.824), 2.51rem);font-style:normal;font-weight:400;line-height:1.2\">Svi, bez obzira na to tko su ili gdje \u017eive, zaslu\u017euju pristup kvalitetnoj zdravstvenoj skrbi.<\/h2>\n<\/div>\n\n\n\n<div class=\"wp-block-group is-vertical is-content-justification-stretch is-layout-flex wp-container-core-group-is-layout-bfdebe91 wp-block-group-is-layout-flex\" style=\"margin-top:1.81rem;padding-right:0px;padding-left:0px\">\n<div class=\"wp-block-group has-global-padding is-content-justification-center is-layout-constrained wp-container-core-group-is-layout-2f0bcb29 wp-block-group-is-layout-constrained\" style=\"margin-top:0px\">\n<div class=\"wp-block-buttons eplus-wrapper is-horizontal is-content-justification-left is-layout-flex wp-container-core-buttons-is-layout-50dd055c wp-block-buttons-is-layout-flex\" style=\"margin-top:2.51rem\">\n<div class=\"wp-block-button has-custom-width wp-block-button__width-100 has-custom-font-size footer_b is-style-fill\" style=\"font-size:clamp(0.875rem, 0.875rem + ((1vw - 0.2rem) * 0.409), 1.1rem);font-style:normal;font-weight:400;line-height:1;text-transform:capitalize\"><a class=\"wp-block-button__link has-text-color has-background has-border-color wp-element-button\" href=\"https:\/\/equilibriumpsychotherapy.net\/hr\/contact\/\" style=\"border-color:#ffffff;border-style:solid;border-width:1px;border-radius:2.5rem;color:#ffffff;background-color:#d92b2b00;padding-top:1.1rem;padding-right:0.81rem;padding-bottom:1.1rem;padding-left:0.81rem\">KONTAKTIRAJTE NAS<\/a><\/div>\n<\/div>\n<\/div>\n<\/div>\n<\/div>\n<\/div><\/section>","protected":false},"excerpt":{"rendered":"<p>Privacy Policy At Equilibrium, we prioritize your privacy and are committed to protecting your personal information. This Privacy Policy outlines how we collect, use, disclose, and protect your information when you use our services, including our website and therapy sessions. Information We Collect Personal Information: We collect personal information you provide when you create an [&hellip;]<\/p>\n","protected":false},"author":1,"featured_media":0,"parent":0,"menu_order":0,"comment_status":"closed","ping_status":"closed","template":"","meta":{"iawp_total_views":37,"footnotes":""},"class_list":["post-1378","page","type-page","status-publish","hentry"],"_links":{"self":[{"href":"https:\/\/equilibriumpsychotherapy.net\/hr\/wp-json\/wp\/v2\/pages\/1378","targetHints":{"allow":["GET"]}}],"collection":[{"href":"https:\/\/equilibriumpsychotherapy.net\/hr\/wp-json\/wp\/v2\/pages"}],"about":[{"href":"https:\/\/equilibriumpsychotherapy.net\/hr\/wp-json\/wp\/v2\/types\/page"}],"author":[{"embeddable":true,"href":"https:\/\/equilibriumpsychotherapy.net\/hr\/wp-json\/wp\/v2\/users\/1"}],"replies":[{"embeddable":true,"href":"https:\/\/equilibriumpsychotherapy.net\/hr\/wp-json\/wp\/v2\/comments?post=1378"}],"version-history":[{"count":6,"href":"https:\/\/equilibriumpsychotherapy.net\/hr\/wp-json\/wp\/v2\/pages\/1378\/revisions"}],"predecessor-version":[{"id":1708,"href":"https:\/\/equilibriumpsychotherapy.net\/hr\/wp-json\/wp\/v2\/pages\/1378\/revisions\/1708"}],"wp:attachment":[{"href":"https:\/\/equilibriumpsychotherapy.net\/hr\/wp-json\/wp\/v2\/media?parent=1378"}],"curies":[{"name":"wp","href":"https:\/\/api.w.org\/{rel}","templated":true}]}}