{"id":1370,"date":"2024-10-12T08:03:49","date_gmt":"2024-10-12T08:03:49","guid":{"rendered":"https:\/\/equilibriumpsychotherapy.net\/?page_id=1370"},"modified":"2025-05-14T09:40:57","modified_gmt":"2025-05-14T07:40:57","slug":"cancelation","status":"publish","type":"page","link":"https:\/\/equilibriumpsychotherapy.net\/hr\/cancelation\/","title":{"rendered":"Calcelation"},"content":{"rendered":"<div class=\"wp-block-cover alignfull\" style=\"padding-top:2%;min-height:60rem;aspect-ratio:unset;\"><span aria-hidden=\"true\" class=\"wp-block-cover__background has-white-background-color has-background-dim-0 has-background-dim\"><\/span><img loading=\"lazy\" decoding=\"async\" width=\"1707\" height=\"2560\" class=\"wp-block-cover__image-background wp-image-1574\" alt=\"\" src=\"https:\/\/equilibriumpsychotherapy.net\/wp-content\/uploads\/2024\/10\/pexels-cottonbro-4098362_11zon-scaled.jpg\" style=\"object-position:57% 0%\" data-object-fit=\"cover\" data-object-position=\"57% 0%\" srcset=\"https:\/\/equilibriumpsychotherapy.net\/wp-content\/uploads\/2024\/10\/pexels-cottonbro-4098362_11zon-scaled.jpg 1707w, https:\/\/equilibriumpsychotherapy.net\/wp-content\/uploads\/2024\/10\/pexels-cottonbro-4098362_11zon-200x300.jpg 200w, https:\/\/equilibriumpsychotherapy.net\/wp-content\/uploads\/2024\/10\/pexels-cottonbro-4098362_11zon-683x1024.jpg 683w, https:\/\/equilibriumpsychotherapy.net\/wp-content\/uploads\/2024\/10\/pexels-cottonbro-4098362_11zon-768x1152.jpg 768w, https:\/\/equilibriumpsychotherapy.net\/wp-content\/uploads\/2024\/10\/pexels-cottonbro-4098362_11zon-1024x1536.jpg 1024w, https:\/\/equilibriumpsychotherapy.net\/wp-content\/uploads\/2024\/10\/pexels-cottonbro-4098362_11zon-1365x2048.jpg 1365w, https:\/\/equilibriumpsychotherapy.net\/wp-content\/uploads\/2024\/10\/pexels-cottonbro-4098362_11zon-8x12.jpg 8w\" sizes=\"auto, (max-width: 1707px) 100vw, 1707px\" \/><div class=\"wp-block-cover__inner-container has-global-padding is-layout-constrained wp-container-core-cover-is-layout-ee51f2d2 wp-block-cover-is-layout-constrained\">\n<div class=\"wp-block-group alignwide is-vertical is-content-justification-center is-layout-flex wp-container-core-group-is-layout-b6c1f246 wp-block-group-is-layout-flex\" style=\"min-height:35rem\">\n<div class=\"wp-block-group has-global-padding is-content-justification-center is-layout-constrained wp-container-core-group-is-layout-8e19ae4a wp-block-group-is-layout-constrained\" style=\"margin-top:0;margin-bottom:0\">\n<h3 class=\"wp-block-heading has-text-align-center has-text-color\" style=\"color:#000000;margin-bottom:1rem;font-size:clamp(2.071rem, 2.071rem + ((1vw - 0.2rem) * 2.98), 3.71rem);font-style:normal;font-weight:400;line-height:1;text-transform:none\">Equilibrium Psihoterapija<\/h3>\n\n\n\n<h2 class=\"wp-block-heading has-text-align-center has-text-color\" style=\"color:#ffffff;margin-top:0rem;margin-bottom:1.01rem;font-size:clamp(2.84rem, 2.84rem + ((1vw - 0.2rem) * 4.855), 5.51rem);font-style:normal;font-weight:400;line-height:1.1;text-transform:capitalize\">Otkazivanje<\/h2>\n<\/div>\n<\/div>\n<\/div><\/div>\n\n\n\n<section class=\"wp-block-group alignfull has-text-color has-global-padding is-layout-constrained wp-container-core-group-is-layout-3106b8b2 wp-block-group-is-layout-constrained\" style=\"color:#03081e;margin-top:0px;padding-top:3.8rem;padding-right:var(--wp--preset--spacing--40);padding-bottom:0.3rem;padding-left:var(--wp--preset--spacing--40);font-size:clamp(0.875rem, 0.875rem + ((1vw - 0.2rem) * 0.464), 1.13rem);font-style:normal;font-weight:400;line-height:1.4\">\n<figure class=\"wp-block-image aligncenter size-full is-resized eplus-wrapper\"><img loading=\"lazy\" decoding=\"async\" width=\"512\" height=\"512\" src=\"https:\/\/equilibriumpsychotherapy.net\/wp-content\/uploads\/2024\/10\/bonsai_2220099.png\" alt=\"\" class=\"wp-image-1372\" style=\"width:70px\" srcset=\"https:\/\/equilibriumpsychotherapy.net\/wp-content\/uploads\/2024\/10\/bonsai_2220099.png 512w, https:\/\/equilibriumpsychotherapy.net\/wp-content\/uploads\/2024\/10\/bonsai_2220099-300x300.png 300w, https:\/\/equilibriumpsychotherapy.net\/wp-content\/uploads\/2024\/10\/bonsai_2220099-150x150.png 150w\" sizes=\"auto, (max-width: 512px) 100vw, 512px\" \/><\/figure>\n\n\n\n<h2 class=\"wp-block-heading has-text-align-center eplus-wrapper has-text-color\" style=\"color:#00373e;margin-top:10px;font-size:clamp(33.419px, 2.089rem + ((1vw - 3.2px) * 3.021), 60px);font-style:normal;font-weight:400;line-height:1.2;text-transform:capitalize\">Pravilnik o otkazivanju<\/h2>\n\n\n\n<p class=\"has-text-align-center eplus-wrapper has-text-color\" style=\"color:#00373e;margin-top:35px;margin-right:0;margin-bottom:56px;margin-left:0;font-size:clamp(15.747px, 0.984rem + ((1vw - 3.2px) * 0.938), 24px);font-style:normal;font-weight:300\">Razumijemo da \u017eivot donosi nepredvi\u0111ene situacije, zbog kojih povremeno mo\u017ee do\u0107i do potrebe za promjenom ili otkazivanjem termina. Kako bismo osigurali po\u0161tivanje va\u0161eg i na\u0161eg vremena, kao i dostupnosti na\u0161ih terapeuta, uveli smo jasne smjernice za otkazivanje termina:<\/p>\n<\/section>\n\n\n\n<section class=\"wp-block-group alignfull has-text-color has-global-padding is-layout-constrained wp-container-core-group-is-layout-ed94a2ff wp-block-group-is-layout-constrained\" style=\"color:#03081e;margin-top:0px;padding-top:0.8rem;padding-right:20px;padding-bottom:0rem;padding-left:20px;font-size:clamp(0.875rem, 0.875rem + ((1vw - 0.2rem) * 0.464), 1.13rem);font-style:normal;font-weight:400;line-height:1.4\">\n<h2 class=\"wp-block-heading has-text-align-left eplus-wrapper has-text-color\" style=\"color:#00373e;margin-top:10px;font-size:clamp(16.293px, 1.018rem + ((1vw - 3.2px) * 0.989), 25px);font-style:normal;font-weight:400;line-height:1.2;text-transform:capitalize\">Obavijest 24 sata naprijed<\/h2>\n\n\n\n<p class=\"has-text-align-left eplus-wrapper has-text-color\" style=\"color:#00373e;margin-top:7px;margin-right:0;margin-bottom:57px;margin-left:0;font-size:clamp(14px, 0.875rem + ((1vw - 3.2px) * 0.455), 18px);font-style:normal;font-weight:300\">Ako morate otkazati ili pomaknuti svoj termin, ljubazno vas molimo da nas obavijestite najmanje 24 sata unaprijed. Na taj na\u010din omogu\u0107ujete nam da termin ponudimo drugom klijentu i odr\u017eimo raspored \u0161to u\u010dinkovitijim. Hvala vam na razumijevanju i suradnji.<\/p>\n<\/section>\n\n\n\n<section class=\"wp-block-group alignfull has-text-color has-global-padding is-layout-constrained wp-container-core-group-is-layout-ed94a2ff wp-block-group-is-layout-constrained\" style=\"color:#03081e;margin-top:0px;padding-top:0.8rem;padding-right:20px;padding-bottom:0rem;padding-left:20px;font-size:clamp(0.875rem, 0.875rem + ((1vw - 0.2rem) * 0.464), 1.13rem);font-style:normal;font-weight:400;line-height:1.4\">\n<h2 class=\"wp-block-heading has-text-align-left eplus-wrapper has-text-color\" style=\"color:#00373e;margin-top:10px;font-size:clamp(16.293px, 1.018rem + ((1vw - 3.2px) * 0.989), 25px);font-style:normal;font-weight:400;line-height:1.2;text-transform:capitalize\">Kasna otkazivanja (manje od 24 sata prije termina)<\/h2>\n\n\n\n<p class=\"has-text-align-left eplus-wrapper has-text-color\" style=\"color:#00373e;margin-top:7px;margin-right:0;margin-bottom:57px;margin-left:0;font-size:clamp(14px, 0.875rem + ((1vw - 3.2px) * 0.455), 18px);font-style:normal;font-weight:300\">Otkazivanje ili promjena termina u roku od 24 sata od zakazanog vremena bit \u0107e napla\u0107eni do pune cijene sesije. Ova politika omogu\u0107ava nam da maksimalno iskoristimo na\u0161e vrijeme i pru\u017eimo podr\u0161ku drugim klijentima kojima je potrebna.<\/p>\n<\/section>\n\n\n\n<section class=\"wp-block-group alignfull has-text-color has-global-padding is-layout-constrained wp-container-core-group-is-layout-ed94a2ff wp-block-group-is-layout-constrained\" style=\"color:#03081e;margin-top:0px;padding-top:0.8rem;padding-right:20px;padding-bottom:0rem;padding-left:20px;font-size:clamp(0.875rem, 0.875rem + ((1vw - 0.2rem) * 0.464), 1.13rem);font-style:normal;font-weight:400;line-height:1.4\">\n<h2 class=\"wp-block-heading has-text-align-left eplus-wrapper has-text-color\" style=\"color:#00373e;margin-top:10px;font-size:clamp(16.293px, 1.018rem + ((1vw - 3.2px) * 0.989), 25px);font-style:normal;font-weight:400;line-height:1.2;text-transform:capitalize\">Propu\u0161teni termini<\/h2>\n\n\n\n<p class=\"has-text-align-left eplus-wrapper has-text-color\" style=\"color:#00373e;margin-top:7px;margin-right:0;margin-bottom:57px;margin-left:0;font-size:clamp(14px, 0.875rem + ((1vw - 3.2px) * 0.455), 18px);font-style:normal;font-weight:300\">Ukoliko propustite dogovoreni termin bez prethodne obavijesti, bit \u0107e vam napla\u0107en cijeli iznos sesije. Cijenimo va\u0161u posve\u0107enost terapijskom procesu, a redovito odr\u017eavanje sesija klju\u010dno je za va\u0161u progresiju i postizanje ciljeva.<\/p>\n<\/section>\n\n\n\n<section class=\"wp-block-group alignfull has-text-color has-global-padding is-layout-constrained wp-container-core-group-is-layout-ed94a2ff wp-block-group-is-layout-constrained\" style=\"color:#03081e;margin-top:0px;padding-top:0.8rem;padding-right:20px;padding-bottom:0rem;padding-left:20px;font-size:clamp(0.875rem, 0.875rem + ((1vw - 0.2rem) * 0.464), 1.13rem);font-style:normal;font-weight:400;line-height:1.4\">\n<h2 class=\"wp-block-heading has-text-align-left eplus-wrapper has-text-color\" style=\"color:#00373e;margin-top:10px;font-size:clamp(16.293px, 1.018rem + ((1vw - 3.2px) * 0.989), 25px);font-style:normal;font-weight:400;line-height:1.2;text-transform:capitalize\">Hitne situacije<\/h2>\n\n\n\n<p class=\"has-text-align-left eplus-wrapper has-text-color\" style=\"color:#00373e;margin-top:7px;margin-right:0;margin-bottom:57px;margin-left:0;font-size:clamp(14px, 0.875rem + ((1vw - 3.2px) * 0.455), 18px);font-style:normal;font-weight:300\">Razumijemo da se u \u017eivotu mogu pojaviti nepredvi\u0111ene okolnosti. Ako se na\u0111ete u situaciji koja zahtijeva otkazivanje termina zbog hitne ili neizbje\u017ene situacije, ljubazno vas molimo da nas obavijestite \u0161to je prije mogu\u0107e. Pristupit \u0107emo va\u0161em slu\u010daju s razumijevanjem i fleksibilno\u0161\u0107u, nastoje\u0107i prilagoditi termine prema va\u0161im potrebama. Na\u0161 cilj je osigurati kontinuitet va\u0161eg terapijskog procesa.<\/p>\n<\/section>\n\n\n\n<p class=\"has-text-align-center eplus-wrapper has-text-color\" style=\"color:#00373e;margin-top:35px;margin-right:0;margin-bottom:56px;margin-left:0;font-size:clamp(15.747px, 0.984rem + ((1vw - 3.2px) * 0.938), 24px);font-style:normal;font-weight:300\">Ako imate bilo kakvih pitanja ili nedoumica u vezi s na\u0161om politikom otkazivanja, slobodno nas kontaktirajte. Tu smo kako bismo osigurali da va\u0161e terapijsko iskustvo bude \u0161to lak\u0161e, ugodnije i podr\u017eavaju\u0107e.<\/p>\n\n\n\n<section class=\"wp-block-cover alignfull\" style=\"margin-top:0px;padding-top:1.01rem;padding-bottom:1.01rem;min-height:430px;aspect-ratio:unset;\"><span aria-hidden=\"true\" class=\"wp-block-cover__background has-background-dim-100 has-background-dim\" style=\"background-color:#0b1f30\"><\/span><img loading=\"lazy\" decoding=\"async\" width=\"2560\" height=\"1708\" class=\"wp-block-cover__image-background wp-image-230\" alt=\"\" src=\"https:\/\/equilibriumpsychotherapy.net\/wp-content\/uploads\/2024\/06\/mid-shot-woman-therapist-taking-notes-clipboard-scaled.jpg\" style=\"object-position:52% 43%\" data-object-fit=\"cover\" data-object-position=\"52% 43%\" srcset=\"https:\/\/equilibriumpsychotherapy.net\/wp-content\/uploads\/2024\/06\/mid-shot-woman-therapist-taking-notes-clipboard-scaled.jpg 2560w, https:\/\/equilibriumpsychotherapy.net\/wp-content\/uploads\/2024\/06\/mid-shot-woman-therapist-taking-notes-clipboard-300x200.jpg 300w, https:\/\/equilibriumpsychotherapy.net\/wp-content\/uploads\/2024\/06\/mid-shot-woman-therapist-taking-notes-clipboard-1024x683.jpg 1024w, https:\/\/equilibriumpsychotherapy.net\/wp-content\/uploads\/2024\/06\/mid-shot-woman-therapist-taking-notes-clipboard-768x512.jpg 768w, https:\/\/equilibriumpsychotherapy.net\/wp-content\/uploads\/2024\/06\/mid-shot-woman-therapist-taking-notes-clipboard-1536x1025.jpg 1536w\" sizes=\"auto, (max-width: 2560px) 100vw, 2560px\" \/><div class=\"wp-block-cover__inner-container has-global-padding is-layout-constrained wp-container-core-cover-is-layout-b1bebcb3 wp-block-cover-is-layout-constrained\">\n<div class=\"wp-block-group has-text-color is-layout-flow wp-block-group-is-layout-flow\" style=\"color:#fffffd;margin-top:0px;padding-top:0rem;padding-right:1rem;padding-bottom:0rem;padding-left:1rem;font-size:clamp(0.875rem, 0.875rem + ((1vw - 0.2rem) * 0.464), 1.13rem);font-style:normal;font-weight:400;line-height:1.4\">\n<div class=\"wp-block-group has-global-padding is-layout-constrained wp-container-core-group-is-layout-bdbfdc43 wp-block-group-is-layout-constrained\">\n<h2 class=\"wp-block-heading has-text-align-center has-text-color\" style=\"color:#fffffd;margin-bottom:0rem;font-size:clamp(1.507rem, 1.507rem + ((1vw - 0.2rem) * 1.824), 2.51rem);font-style:normal;font-weight:400;line-height:1.2\">Svi, bez obzira na to tko su ili gdje \u017eive, zaslu\u017euju pristup kvalitetnoj zdravstvenoj skrbi.<\/h2>\n<\/div>\n\n\n\n<div class=\"wp-block-group is-vertical is-content-justification-stretch is-layout-flex wp-container-core-group-is-layout-bfdebe91 wp-block-group-is-layout-flex\" style=\"margin-top:1.81rem;padding-right:0px;padding-left:0px\">\n<div class=\"wp-block-group has-global-padding is-content-justification-center is-layout-constrained wp-container-core-group-is-layout-2f0bcb29 wp-block-group-is-layout-constrained\" style=\"margin-top:0px\">\n<div class=\"wp-block-buttons eplus-wrapper is-horizontal is-content-justification-left is-layout-flex wp-container-core-buttons-is-layout-50dd055c wp-block-buttons-is-layout-flex\" style=\"margin-top:2.51rem\">\n<div class=\"wp-block-button has-custom-width wp-block-button__width-100 has-custom-font-size footer_b is-style-fill\" style=\"font-size:clamp(0.875rem, 0.875rem + ((1vw - 0.2rem) * 0.409), 1.1rem);font-style:normal;font-weight:400;line-height:1;text-transform:capitalize\"><a class=\"wp-block-button__link has-text-color has-background has-border-color wp-element-button\" href=\"https:\/\/equilibriumpsychotherapy.net\/hr\/contact\/\" style=\"border-color:#ffffff;border-style:solid;border-width:1px;border-radius:2.5rem;color:#ffffff;background-color:#d92b2b00;padding-top:1.1rem;padding-right:0.81rem;padding-bottom:1.1rem;padding-left:0.81rem\">KONTAKTIRAJTE NAS<\/a><\/div>\n<\/div>\n<\/div>\n<\/div>\n<\/div>\n<\/div><\/section>","protected":false},"excerpt":{"rendered":"<p>Cancellation Policy We understand that life can be unpredictable, and there may be times when you need to reschedule or cancel an appointment. To ensure fairness and respect for both your time and the availability of our therapists, we have established the following cancellation policy: 24-Hour Notice If you need to cancel or reschedule your [&hellip;]<\/p>\n","protected":false},"author":1,"featured_media":0,"parent":0,"menu_order":0,"comment_status":"closed","ping_status":"closed","template":"","meta":{"iawp_total_views":27,"footnotes":""},"class_list":["post-1370","page","type-page","status-publish","hentry"],"_links":{"self":[{"href":"https:\/\/equilibriumpsychotherapy.net\/hr\/wp-json\/wp\/v2\/pages\/1370","targetHints":{"allow":["GET"]}}],"collection":[{"href":"https:\/\/equilibriumpsychotherapy.net\/hr\/wp-json\/wp\/v2\/pages"}],"about":[{"href":"https:\/\/equilibriumpsychotherapy.net\/hr\/wp-json\/wp\/v2\/types\/page"}],"author":[{"embeddable":true,"href":"https:\/\/equilibriumpsychotherapy.net\/hr\/wp-json\/wp\/v2\/users\/1"}],"replies":[{"embeddable":true,"href":"https:\/\/equilibriumpsychotherapy.net\/hr\/wp-json\/wp\/v2\/comments?post=1370"}],"version-history":[{"count":5,"href":"https:\/\/equilibriumpsychotherapy.net\/hr\/wp-json\/wp\/v2\/pages\/1370\/revisions"}],"predecessor-version":[{"id":2208,"href":"https:\/\/equilibriumpsychotherapy.net\/hr\/wp-json\/wp\/v2\/pages\/1370\/revisions\/2208"}],"wp:attachment":[{"href":"https:\/\/equilibriumpsychotherapy.net\/hr\/wp-json\/wp\/v2\/media?parent=1370"}],"curies":[{"name":"wp","href":"https:\/\/api.w.org\/{rel}","templated":true}]}}