{"id":12,"date":"2024-04-19T12:06:45","date_gmt":"2024-04-19T12:06:45","guid":{"rendered":"https:\/\/equilibriumpsychotherapy.net\/?page_id=12"},"modified":"2024-10-27T16:37:26","modified_gmt":"2024-10-27T16:37:26","slug":"our-story","status":"publish","type":"page","link":"https:\/\/equilibriumpsychotherapy.net\/hr\/our-story\/","title":{"rendered":"Na\u0161a pri\u010da"},"content":{"rendered":"<div class=\"wp-block-cover alignfull\" style=\"padding-top:2%;min-height:60rem;aspect-ratio:unset;\"><span aria-hidden=\"true\" class=\"wp-block-cover__background has-white-background-color has-background-dim-0 has-background-dim\"><\/span><img decoding=\"async\" class=\"wp-block-cover__image-background wp-image-248\" alt=\"\" src=\"https:\/\/equilibriumpsychotherapy.net\/wp-content\/uploads\/2024\/07\/pexels-cottonbro-4098232.jpg\" style=\"object-position:3% 36%\" data-object-fit=\"cover\" data-object-position=\"3% 36%\"\/><div class=\"wp-block-cover__inner-container has-global-padding is-layout-constrained wp-container-core-cover-is-layout-ee51f2d2 wp-block-cover-is-layout-constrained\">\n<div class=\"wp-block-group alignwide is-vertical is-content-justification-center is-layout-flex wp-container-core-group-is-layout-b6c1f246 wp-block-group-is-layout-flex\" style=\"min-height:35rem\">\n<div class=\"wp-block-group has-global-padding is-content-justification-center is-layout-constrained wp-container-core-group-is-layout-8e19ae4a wp-block-group-is-layout-constrained\" style=\"margin-top:0;margin-bottom:0\">\n<h3 class=\"wp-block-heading has-text-align-center has-text-color\" style=\"color:#000000;margin-bottom:1rem;font-size:clamp(2.071rem, 2.071rem + ((1vw - 0.2rem) * 2.98), 3.71rem);font-style:normal;font-weight:400;line-height:1;text-transform:none\">Equilibrium Psihoterapija<\/h3>\n\n\n\n<h2 class=\"wp-block-heading has-text-align-center has-text-color\" style=\"color:#ffffff;margin-top:0rem;margin-bottom:1.01rem;font-size:clamp(2.84rem, 2.84rem + ((1vw - 0.2rem) * 4.855), 5.51rem);font-style:normal;font-weight:400;line-height:1.1;text-transform:capitalize\">O nama<\/h2>\n<\/div>\n<\/div>\n<\/div><\/div>\n\n\n\n<section class=\"wp-block-group alignfull has-text-color has-global-padding is-layout-constrained wp-container-core-group-is-layout-cb354c66 wp-block-group-is-layout-constrained\" style=\"color:#03081e;margin-top:0px;padding-top:3.8rem;padding-right:var(--wp--preset--spacing--40);padding-bottom:3.2rem;padding-left:var(--wp--preset--spacing--40);font-size:clamp(0.875rem, 0.875rem + ((1vw - 0.2rem) * 0.464), 1.13rem);font-style:normal;font-weight:400;line-height:1.4\">\n<figure class=\"wp-block-image aligncenter size-full is-resized eplus-wrapper\"><img loading=\"lazy\" decoding=\"async\" width=\"512\" height=\"512\" src=\"https:\/\/equilibriumpsychotherapy.net\/wp-content\/uploads\/2024\/09\/daisy_4388673.png\" alt=\"\" class=\"wp-image-953\" style=\"width:70px\" srcset=\"https:\/\/equilibriumpsychotherapy.net\/wp-content\/uploads\/2024\/09\/daisy_4388673.png 512w, https:\/\/equilibriumpsychotherapy.net\/wp-content\/uploads\/2024\/09\/daisy_4388673-300x300.png 300w, https:\/\/equilibriumpsychotherapy.net\/wp-content\/uploads\/2024\/09\/daisy_4388673-150x150.png 150w\" sizes=\"auto, (max-width: 512px) 100vw, 512px\" \/><\/figure>\n\n\n\n<h2 class=\"wp-block-heading has-text-align-center eplus-wrapper has-text-color\" style=\"color:#00373e;margin-top:10px;font-size:clamp(33.419px, 2.089rem + ((1vw - 3.2px) * 3.021), 60px);font-style:normal;font-weight:400;line-height:1.2;text-transform:capitalize\">Na\u0161a pri\u010da<\/h2>\n\n\n\n<p class=\"has-text-align-center eplus-wrapper has-text-color\" style=\"color:#00373e;margin-top:7px;margin-right:0;margin-bottom:57px;margin-left:0;font-size:clamp(15.747px, 0.984rem + ((1vw - 3.2px) * 0.938), 24px);font-style:normal;font-weight:300\">U Equilibriumu vjerujemo u snagu ljudskih veza, empatije i stru\u010dnog vo\u0111enja kako bismo vam pomogli u prevladavanju \u017eivotnih izazova. Na\u0161a misija je pru\u017eiti siguran i suosje\u0107ajan prostor u kojem mo\u017eete istra\u017eivati svoje osje\u0107aje, prona\u0107i jasno\u0107u i rasti u najbolju verziju sebe. Bilo da se suo\u010davate s anksiozno\u0161\u0107u, stresom, problemima u odnosima ili ne\u010dim \u010detvrtim, tu smo da vas podr\u017eimo na va\u0161em putu prema iscjeljenju i samootkri\u0107u.<\/p>\n<\/section>\n\n\n\n<div class=\"wp-block-group alignfull eplus-wrapper has-text-color has-background has-global-padding is-layout-constrained wp-container-core-group-is-layout-38ad39fd wp-block-group-is-layout-constrained\" style=\"color:#03081e;background-color:#0b1f30;margin-top:0px;padding-top:5.01rem;padding-right:1rem;padding-bottom:5.5rem;padding-left:1rem;font-size:clamp(0.875rem, 0.875rem + ((1vw - 0.2rem) * 0.464), 1.13rem);font-style:normal;font-weight:400;line-height:1.4\">\n<div class=\"wp-block-columns eplus-wrapper is-layout-flex wp-container-core-columns-is-layout-db2df21c wp-block-columns-is-layout-flex\" style=\"margin-bottom:0px\">\n<div class=\"wp-block-column eplus-wrapper has-global-padding is-content-justification-left is-layout-constrained wp-container-core-column-is-layout-12dd3699 wp-block-column-is-layout-constrained\" style=\"flex-basis:45%\">\n<figure class=\"wp-block-image aligncenter size-full is-resized has-custom-border eplus-wrapper\"><img loading=\"lazy\" decoding=\"async\" width=\"2560\" height=\"1708\" src=\"https:\/\/equilibriumpsychotherapy.net\/wp-content\/uploads\/2024\/06\/mid-shot-woman-therapist-taking-notes-clipboard-scaled.jpg\" alt=\"\" class=\"wp-image-230\" style=\"border-radius:30px;object-fit:cover;width:446px;height:500px\" srcset=\"https:\/\/equilibriumpsychotherapy.net\/wp-content\/uploads\/2024\/06\/mid-shot-woman-therapist-taking-notes-clipboard-scaled.jpg 2560w, https:\/\/equilibriumpsychotherapy.net\/wp-content\/uploads\/2024\/06\/mid-shot-woman-therapist-taking-notes-clipboard-300x200.jpg 300w, https:\/\/equilibriumpsychotherapy.net\/wp-content\/uploads\/2024\/06\/mid-shot-woman-therapist-taking-notes-clipboard-1024x683.jpg 1024w, https:\/\/equilibriumpsychotherapy.net\/wp-content\/uploads\/2024\/06\/mid-shot-woman-therapist-taking-notes-clipboard-768x512.jpg 768w, https:\/\/equilibriumpsychotherapy.net\/wp-content\/uploads\/2024\/06\/mid-shot-woman-therapist-taking-notes-clipboard-1536x1025.jpg 1536w\" sizes=\"auto, (max-width: 2560px) 100vw, 2560px\" \/><\/figure>\n<\/div>\n\n\n\n<div class=\"wp-block-column eplus-wrapper is-layout-flow wp-block-column-is-layout-flow\">\n<div class=\"wp-block-group eplus-wrapper is-vertical is-content-justification-left is-layout-flex wp-container-core-group-is-layout-c5d44cae wp-block-group-is-layout-flex\" style=\"min-height:100%\">\n<div class=\"wp-block-group eplus-wrapper has-global-padding is-content-justification-center is-layout-constrained wp-container-core-group-is-layout-b15c80d6 wp-block-group-is-layout-constrained\">\n<h3 class=\"wp-block-heading has-text-align-center eplus-wrapper has-text-color\" style=\"color:#feffff;margin-top:10px;font-size:clamp(1.571rem, 1.571rem + ((1vw - 0.2rem) * 1.944), 2.64rem);font-style:normal;font-weight:400;line-height:1.2;text-transform:capitalize\">Na\u0161a misija<\/h3>\n\n\n\n<p class=\"has-text-align-left eplus-wrapper has-text-color has-link-color wp-elements-249f881f4982ed1dc842718c98477c5f\" style=\"color:#ffffff;padding-bottom:2rem;font-size:clamp(0.929rem, 0.929rem + ((1vw - 0.2rem) * 0.856), 1.4rem);font-style:normal;font-weight:300\">Na\u0161a misija je jednostavna: osna\u017eiti pojedince kroz suosje\u0107ajnu i personaliziranu terapiju koja poti\u010de iscjeljenje, osobni rast i otpornost. Vjerujemo da svatko zaslu\u017euje priliku za pobolj\u0161anje mentalnog zdravlja, a mi smo tu da vam pru\u017eimo alate, podr\u0161ku i smjernice na tom putu.<\/p>\n\n\n\n<p class=\"has-text-align-left eplus-wrapper has-text-color has-link-color wp-elements-e07d580c9a11e382eb46a9113c991bdc\" style=\"color:#ffffff;padding-bottom:2rem;font-size:clamp(0.929rem, 0.929rem + ((1vw - 0.2rem) * 0.856), 1.4rem);font-style:normal;font-weight:300\">Posve\u0107eni smo tome da budemo uz vas na svakom koraku, nude\u0107i siguran prostor u kojem mo\u017eete podijeliti svoje misli i osje\u0107aje, bez straha od osude. Kroz stru\u010dnu brigu i iskrenu empatiju, poma\u017eemo vam da prepoznate svoju unutarnju snagu i krenete prema boljoj, ispunjenoj budu\u0107nosti.<\/p>\n<\/div>\n<\/div>\n<\/div>\n<\/div>\n<\/div>\n\n\n\n<div class=\"wp-block-group alignfull has-text-color has-global-padding is-layout-constrained wp-container-core-group-is-layout-4252d6ba wp-block-group-is-layout-constrained\" style=\"color:#03081e;margin-top:0px;padding-top:6.51rem;padding-right:1rem;padding-bottom:5.5rem;padding-left:1rem;font-size:clamp(0.875rem, 0.875rem + ((1vw - 0.2rem) * 0.464), 1.13rem);font-style:normal;font-weight:400;line-height:1.4\">\n<div class=\"wp-block-columns eplus-wrapper is-layout-flex wp-container-core-columns-is-layout-28f84493 wp-block-columns-is-layout-flex\">\n<div class=\"wp-block-column eplus-wrapper is-layout-flow wp-block-column-is-layout-flow\">\n<figure class=\"wp-block-image aligncenter size-full is-resized eplus-wrapper\"><img loading=\"lazy\" decoding=\"async\" width=\"512\" height=\"512\" src=\"https:\/\/equilibriumpsychotherapy.net\/wp-content\/uploads\/2024\/10\/neurology_17306504.png\" alt=\"\" class=\"wp-image-1772\" style=\"width:75px\" srcset=\"https:\/\/equilibriumpsychotherapy.net\/wp-content\/uploads\/2024\/10\/neurology_17306504.png 512w, https:\/\/equilibriumpsychotherapy.net\/wp-content\/uploads\/2024\/10\/neurology_17306504-300x300.png 300w, https:\/\/equilibriumpsychotherapy.net\/wp-content\/uploads\/2024\/10\/neurology_17306504-150x150.png 150w, https:\/\/equilibriumpsychotherapy.net\/wp-content\/uploads\/2024\/10\/neurology_17306504-12x12.png 12w\" sizes=\"auto, (max-width: 512px) 100vw, 512px\" \/><\/figure>\n\n\n\n<h4 class=\"wp-block-heading has-text-align-center eplus-wrapper has-text-color\" style=\"color:#00373e;margin-top:1rem;font-size:clamp(16.293px, 1.018rem + ((1vw - 3.2px) * 0.989), 25px);font-style:normal;font-weight:400\">Bri\u017ena podr\u0161ka<\/h4>\n\n\n\n<p class=\"has-text-align-center eplus-wrapper has-text-color\" style=\"color:#00373e;margin-top:12px;font-size:clamp(14px, 0.875rem + ((1vw - 3.2px) * 0.227), 16px);font-style:normal;font-weight:300\">Razumijemo da je tra\u017eenje pomo\u0107i hrabar korak. Na\u0161i terapeuti posve\u0107eni su pru\u017eanju tople, empati\u010dne podr\u0161ke koja je prilago\u0111ena va\u0161em jedinstvenom putovanju. Tu smo da vas slu\u0161amo, razumijemo i budemo uz vas dok prolazite kroz \u017eivotne izazove.<\/p>\n<\/div>\n\n\n\n<div class=\"wp-block-column eplus-wrapper is-layout-flow wp-block-column-is-layout-flow\">\n<figure class=\"wp-block-image aligncenter size-full is-resized eplus-wrapper\"><img loading=\"lazy\" decoding=\"async\" width=\"512\" height=\"512\" src=\"https:\/\/equilibriumpsychotherapy.net\/wp-content\/uploads\/2024\/10\/unlocked_2061609.png\" alt=\"\" class=\"wp-image-1780\" style=\"width:75px\" srcset=\"https:\/\/equilibriumpsychotherapy.net\/wp-content\/uploads\/2024\/10\/unlocked_2061609.png 512w, https:\/\/equilibriumpsychotherapy.net\/wp-content\/uploads\/2024\/10\/unlocked_2061609-300x300.png 300w, https:\/\/equilibriumpsychotherapy.net\/wp-content\/uploads\/2024\/10\/unlocked_2061609-150x150.png 150w, https:\/\/equilibriumpsychotherapy.net\/wp-content\/uploads\/2024\/10\/unlocked_2061609-12x12.png 12w\" sizes=\"auto, (max-width: 512px) 100vw, 512px\" \/><\/figure>\n\n\n\n<h4 class=\"wp-block-heading has-text-align-center eplus-wrapper has-text-color\" style=\"color:#00373e;margin-top:1rem;font-size:clamp(16.293px, 1.018rem + ((1vw - 3.2px) * 0.989), 25px);font-style:normal;font-weight:400\">Fleksibilan pristup<\/h4>\n\n\n\n<p class=\"has-text-align-center eplus-wrapper has-text-color\" style=\"color:#00373e;margin-top:12px;font-size:clamp(14px, 0.875rem + ((1vw - 3.2px) * 0.227), 16px);font-style:normal;font-weight:300\">Nudimo terapiju koja se lako uklapa u va\u0161 svakodnevni \u017eivot. Kroz opcije video, chat ili telefonskih sesija, podr\u0161ku mo\u017eete dobiti kad god i gdje god vam odgovara. Na\u0161a je misija u\u010diniti terapiju dostupnom, bez obzira na va\u0161 raspored.<\/p>\n<\/div>\n<\/div>\n\n\n\n<div class=\"wp-block-columns eplus-wrapper is-layout-flex wp-container-core-columns-is-layout-328c6305 wp-block-columns-is-layout-flex\" style=\"padding-top:var(--wp--preset--spacing--30)\">\n<div class=\"wp-block-column eplus-wrapper is-layout-flow wp-block-column-is-layout-flow\">\n<figure class=\"wp-block-image aligncenter size-full is-resized eplus-wrapper\"><img loading=\"lazy\" decoding=\"async\" width=\"512\" height=\"512\" src=\"https:\/\/equilibriumpsychotherapy.net\/wp-content\/uploads\/2024\/10\/award_5961511.png\" alt=\"\" class=\"wp-image-1774\" style=\"width:75px\" srcset=\"https:\/\/equilibriumpsychotherapy.net\/wp-content\/uploads\/2024\/10\/award_5961511.png 512w, https:\/\/equilibriumpsychotherapy.net\/wp-content\/uploads\/2024\/10\/award_5961511-300x300.png 300w, https:\/\/equilibriumpsychotherapy.net\/wp-content\/uploads\/2024\/10\/award_5961511-150x150.png 150w, https:\/\/equilibriumpsychotherapy.net\/wp-content\/uploads\/2024\/10\/award_5961511-12x12.png 12w\" sizes=\"auto, (max-width: 512px) 100vw, 512px\" \/><\/figure>\n\n\n\n<h4 class=\"wp-block-heading has-text-align-center eplus-wrapper has-text-color\" style=\"color:#00373e;margin-top:1rem;font-size:clamp(16.293px, 1.018rem + ((1vw - 3.2px) * 0.989), 25px);font-style:normal;font-weight:400\">Znanstveni pristup terapiji<\/h4>\n\n\n\n<p class=\"has-text-align-center eplus-wrapper has-text-color\" style=\"color:#00373e;margin-top:12px;font-size:clamp(14px, 0.875rem + ((1vw - 3.2px) * 0.227), 16px);font-style:normal;font-weight:300\">Na\u0161i terapeuti koriste znanstveno potvr\u0111ene tehnike koje vam poma\u017eu ostvariti stvarne i trajne promjene. Na\u0161e metode donose prakti\u010dne alate za suo\u010davanje sa svakodnevnim izazovima i otvaraju put prema ispunjenijem i skladnijem \u017eivotu.<\/p>\n<\/div>\n\n\n\n<div class=\"wp-block-column eplus-wrapper is-layout-flow wp-block-column-is-layout-flow\">\n<figure class=\"wp-block-image aligncenter size-full is-resized eplus-wrapper\"><img loading=\"lazy\" decoding=\"async\" width=\"512\" height=\"512\" src=\"https:\/\/equilibriumpsychotherapy.net\/wp-content\/uploads\/2024\/10\/transaction_11730255.png\" alt=\"\" class=\"wp-image-1776\" style=\"width:75px\" srcset=\"https:\/\/equilibriumpsychotherapy.net\/wp-content\/uploads\/2024\/10\/transaction_11730255.png 512w, https:\/\/equilibriumpsychotherapy.net\/wp-content\/uploads\/2024\/10\/transaction_11730255-300x300.png 300w, https:\/\/equilibriumpsychotherapy.net\/wp-content\/uploads\/2024\/10\/transaction_11730255-150x150.png 150w, https:\/\/equilibriumpsychotherapy.net\/wp-content\/uploads\/2024\/10\/transaction_11730255-12x12.png 12w\" sizes=\"auto, (max-width: 512px) 100vw, 512px\" \/><\/figure>\n\n\n\n<h4 class=\"wp-block-heading has-text-align-center eplus-wrapper has-text-color\" style=\"color:#00373e;margin-top:1rem;font-size:clamp(16.293px, 1.018rem + ((1vw - 3.2px) * 0.989), 25px);font-style:normal;font-weight:400\">Personalizirani pristup<\/h4>\n\n\n\n<p class=\"has-text-align-center eplus-wrapper has-text-color\" style=\"color:#00373e;margin-top:12px;font-size:clamp(14px, 0.875rem + ((1vw - 3.2px) * 0.227), 16px);font-style:normal;font-weight:300\">Svako je putovanje jedinstveno, kao i na\u0161 pristup terapiji. Svaka sesija je prilago\u0111ena va\u0161im specifi\u010dnim potrebama i izazovima, osiguravaju\u0107i podr\u0161ku koja vam donosi stvarnu korist i napredak.<\/p>\n<\/div>\n<\/div>\n\n\n\n<div class=\"wp-block-buttons has-custom-font-size eplus-wrapper smaller_gap is-content-justification-center is-layout-flex wp-container-core-buttons-is-layout-13d95b56 wp-block-buttons-is-layout-flex\" style=\"color:#00373e;margin-top:108px;font-size:clamp(33.419px, 2.089rem + ((1vw - 3.2px) * 3.021), 60px);font-style:normal;font-weight:400;line-height:1.2;text-transform:capitalize\">\n<div class=\"wp-block-button has-custom-font-size service_b is-style-fill has-mulish-font-family\" style=\"font-size:clamp(14px, 0.875rem + ((1vw - 3.2px) * 0.227), 16px);text-transform:uppercase\"><a class=\"wp-block-button__link has-text-color has-background has-link-color has-text-align-center wp-element-button\" href=\"https:\/\/equilibriumpsychotherapy.net\/hr\/start-here\/\" style=\"border-width:1px;border-radius:2.5rem;color:#ffffff;background-color:#1173c5;padding-top:10px;padding-right:30px;padding-bottom:10px;padding-left:30px\">Kako ovo radimo?<\/a><\/div>\n\n\n\n<div class=\"wp-block-button has-custom-font-size service_b is-style-fill has-mulish-font-family\" style=\"font-size:clamp(14px, 0.875rem + ((1vw - 3.2px) * 0.227), 16px);text-transform:uppercase\"><a class=\"wp-block-button__link has-text-color has-background has-link-color has-text-align-center wp-element-button\" href=\"https:\/\/equilibriumpsychotherapy.net\/hr\/services\/\" style=\"border-width:1px;border-radius:2.5rem;color:#ffffff;background-color:#1173c5;padding-top:10px;padding-right:30px;padding-bottom:10px;padding-left:30px\">Istra\u017eite usluge<\/a><\/div>\n<\/div>\n<\/div>\n\n\n\n<section class=\"wp-block-cover alignfull\" style=\"margin-top:0px;padding-top:1.01rem;padding-bottom:1.01rem;min-height:430px;aspect-ratio:unset;\"><span aria-hidden=\"true\" class=\"wp-block-cover__background has-background-dim-100 has-background-dim\" style=\"background-color:#0b1f30\"><\/span><img loading=\"lazy\" decoding=\"async\" width=\"2560\" height=\"1708\" class=\"wp-block-cover__image-background wp-image-230\" alt=\"\" src=\"https:\/\/equilibriumpsychotherapy.net\/wp-content\/uploads\/2024\/06\/mid-shot-woman-therapist-taking-notes-clipboard-scaled.jpg\" style=\"object-position:52% 43%\" data-object-fit=\"cover\" data-object-position=\"52% 43%\" srcset=\"https:\/\/equilibriumpsychotherapy.net\/wp-content\/uploads\/2024\/06\/mid-shot-woman-therapist-taking-notes-clipboard-scaled.jpg 2560w, https:\/\/equilibriumpsychotherapy.net\/wp-content\/uploads\/2024\/06\/mid-shot-woman-therapist-taking-notes-clipboard-300x200.jpg 300w, https:\/\/equilibriumpsychotherapy.net\/wp-content\/uploads\/2024\/06\/mid-shot-woman-therapist-taking-notes-clipboard-1024x683.jpg 1024w, https:\/\/equilibriumpsychotherapy.net\/wp-content\/uploads\/2024\/06\/mid-shot-woman-therapist-taking-notes-clipboard-768x512.jpg 768w, https:\/\/equilibriumpsychotherapy.net\/wp-content\/uploads\/2024\/06\/mid-shot-woman-therapist-taking-notes-clipboard-1536x1025.jpg 1536w\" sizes=\"auto, (max-width: 2560px) 100vw, 2560px\" \/><div class=\"wp-block-cover__inner-container has-global-padding is-layout-constrained wp-container-core-cover-is-layout-b1bebcb3 wp-block-cover-is-layout-constrained\">\n<div class=\"wp-block-group has-text-color is-layout-flow wp-block-group-is-layout-flow\" style=\"color:#fffffd;margin-top:0px;padding-top:0rem;padding-right:1rem;padding-bottom:0rem;padding-left:1rem;font-size:clamp(0.875rem, 0.875rem + ((1vw - 0.2rem) * 0.464), 1.13rem);font-style:normal;font-weight:400;line-height:1.4\">\n<div class=\"wp-block-group has-global-padding is-layout-constrained wp-container-core-group-is-layout-bdbfdc43 wp-block-group-is-layout-constrained\">\n<h2 class=\"wp-block-heading has-text-align-center has-text-color\" style=\"color:#fffffd;margin-bottom:0rem;font-size:clamp(1.507rem, 1.507rem + ((1vw - 0.2rem) * 1.824), 2.51rem);font-style:normal;font-weight:400;line-height:1.2\">Svi, bez obzira na to tko su ili gdje \u017eive, zaslu\u017euju pristup kvalitetnoj zdravstvenoj skrbi.<\/h2>\n<\/div>\n\n\n\n<div class=\"wp-block-group is-vertical is-content-justification-stretch is-layout-flex wp-container-core-group-is-layout-bfdebe91 wp-block-group-is-layout-flex\" style=\"margin-top:1.81rem;padding-right:0px;padding-left:0px\">\n<div class=\"wp-block-group has-global-padding is-content-justification-center is-layout-constrained wp-container-core-group-is-layout-2f0bcb29 wp-block-group-is-layout-constrained\" style=\"margin-top:0px\">\n<div class=\"wp-block-buttons eplus-wrapper is-horizontal is-content-justification-left is-layout-flex wp-container-core-buttons-is-layout-50dd055c wp-block-buttons-is-layout-flex\" style=\"margin-top:2.51rem\">\n<div class=\"wp-block-button has-custom-width wp-block-button__width-100 has-custom-font-size footer_b is-style-fill\" style=\"font-size:clamp(0.875rem, 0.875rem + ((1vw - 0.2rem) * 0.409), 1.1rem);font-style:normal;font-weight:400;line-height:1;text-transform:capitalize\"><a class=\"wp-block-button__link has-text-color has-background has-border-color wp-element-button\" href=\"https:\/\/equilibriumpsychotherapy.net\/hr\/contact\/\" style=\"border-color:#ffffff;border-style:solid;border-width:1px;border-radius:2.5rem;color:#ffffff;background-color:#d92b2b00;padding-top:1.1rem;padding-right:0.81rem;padding-bottom:1.1rem;padding-left:0.81rem\">KONTAKTIRAJTE NAS<\/a><\/div>\n<\/div>\n<\/div>\n<\/div>\n<\/div>\n<\/div><\/section>","protected":false},"excerpt":{"rendered":"<p>Our story At Equilibrium, we believe in the power of human connection, empathy, and expert guidance to help you navigate life\u2019s challenges. Our mission is to provide a safe, compassionate space where you can explore your feelings, gain clarity, and grow into your best self. Whether you&#8217;re struggling with anxiety, stress, or relationship issues, we [&hellip;]<\/p>\n","protected":false},"author":1,"featured_media":0,"parent":0,"menu_order":0,"comment_status":"closed","ping_status":"closed","template":"","meta":{"iawp_total_views":218,"footnotes":""},"class_list":["post-12","page","type-page","status-publish","hentry"],"_links":{"self":[{"href":"https:\/\/equilibriumpsychotherapy.net\/hr\/wp-json\/wp\/v2\/pages\/12","targetHints":{"allow":["GET"]}}],"collection":[{"href":"https:\/\/equilibriumpsychotherapy.net\/hr\/wp-json\/wp\/v2\/pages"}],"about":[{"href":"https:\/\/equilibriumpsychotherapy.net\/hr\/wp-json\/wp\/v2\/types\/page"}],"author":[{"embeddable":true,"href":"https:\/\/equilibriumpsychotherapy.net\/hr\/wp-json\/wp\/v2\/users\/1"}],"replies":[{"embeddable":true,"href":"https:\/\/equilibriumpsychotherapy.net\/hr\/wp-json\/wp\/v2\/comments?post=12"}],"version-history":[{"count":20,"href":"https:\/\/equilibriumpsychotherapy.net\/hr\/wp-json\/wp\/v2\/pages\/12\/revisions"}],"predecessor-version":[{"id":1781,"href":"https:\/\/equilibriumpsychotherapy.net\/hr\/wp-json\/wp\/v2\/pages\/12\/revisions\/1781"}],"wp:attachment":[{"href":"https:\/\/equilibriumpsychotherapy.net\/hr\/wp-json\/wp\/v2\/media?parent=12"}],"curies":[{"name":"wp","href":"https:\/\/api.w.org\/{rel}","templated":true}]}}