{"id":1179,"date":"2024-10-10T13:48:38","date_gmt":"2024-10-10T13:48:38","guid":{"rendered":"https:\/\/equilibriumpsychotherapy.net\/?page_id=1179"},"modified":"2024-10-28T17:51:02","modified_gmt":"2024-10-28T17:51:02","slug":"our-approach","status":"publish","type":"page","link":"https:\/\/equilibriumpsychotherapy.net\/hr\/our-approach\/","title":{"rendered":"Our approach"},"content":{"rendered":"<div class=\"wp-block-cover alignfull\" style=\"padding-top:2%;min-height:60rem;aspect-ratio:unset;\"><span aria-hidden=\"true\" class=\"wp-block-cover__background has-white-background-color has-background-dim-0 has-background-dim\"><\/span><img decoding=\"async\" class=\"wp-block-cover__image-background wp-image-248\" alt=\"\" src=\"https:\/\/equilibriumpsychotherapy.net\/wp-content\/uploads\/2024\/07\/pexels-cottonbro-4098232.jpg\" style=\"object-position:3% 36%\" data-object-fit=\"cover\" data-object-position=\"3% 36%\"\/><div class=\"wp-block-cover__inner-container has-global-padding is-layout-constrained wp-container-core-cover-is-layout-ee51f2d2 wp-block-cover-is-layout-constrained\">\n<div class=\"wp-block-group alignwide is-vertical is-content-justification-center is-layout-flex wp-container-core-group-is-layout-b6c1f246 wp-block-group-is-layout-flex\" style=\"min-height:35rem\">\n<div class=\"wp-block-group has-global-padding is-content-justification-center is-layout-constrained wp-container-core-group-is-layout-8e19ae4a wp-block-group-is-layout-constrained\" style=\"margin-top:0;margin-bottom:0\">\n<h3 class=\"wp-block-heading has-text-align-center has-text-color\" style=\"color:#000000;margin-bottom:1rem;font-size:clamp(2.071rem, 2.071rem + ((1vw - 0.2rem) * 2.98), 3.71rem);font-style:normal;font-weight:400;line-height:1;text-transform:none\">Equilibrium Psihoterapija<\/h3>\n\n\n\n<h2 class=\"wp-block-heading has-text-align-center has-text-color\" style=\"color:#ffffff;margin-top:0rem;margin-bottom:1.01rem;font-size:clamp(2.84rem, 2.84rem + ((1vw - 0.2rem) * 4.855), 5.51rem);font-style:normal;font-weight:400;line-height:1.1;text-transform:capitalize\">O nama<\/h2>\n<\/div>\n<\/div>\n<\/div><\/div>\n\n\n\n<section class=\"wp-block-group alignfull has-text-color has-global-padding is-layout-constrained wp-container-core-group-is-layout-3106b8b2 wp-block-group-is-layout-constrained\" style=\"color:#03081e;margin-top:0px;padding-top:3.8rem;padding-right:var(--wp--preset--spacing--40);padding-bottom:0.3rem;padding-left:var(--wp--preset--spacing--40);font-size:clamp(0.875rem, 0.875rem + ((1vw - 0.2rem) * 0.464), 1.13rem);font-style:normal;font-weight:400;line-height:1.4\">\n<figure class=\"wp-block-image aligncenter size-full is-resized eplus-wrapper\"><img loading=\"lazy\" decoding=\"async\" width=\"512\" height=\"512\" src=\"https:\/\/equilibriumpsychotherapy.net\/wp-content\/uploads\/2024\/10\/lotus_774853.png\" alt=\"\" class=\"wp-image-1180\" style=\"width:70px\" srcset=\"https:\/\/equilibriumpsychotherapy.net\/wp-content\/uploads\/2024\/10\/lotus_774853.png 512w, https:\/\/equilibriumpsychotherapy.net\/wp-content\/uploads\/2024\/10\/lotus_774853-300x300.png 300w, https:\/\/equilibriumpsychotherapy.net\/wp-content\/uploads\/2024\/10\/lotus_774853-150x150.png 150w\" sizes=\"auto, (max-width: 512px) 100vw, 512px\" \/><\/figure>\n\n\n\n<h2 class=\"wp-block-heading has-text-align-center eplus-wrapper has-text-color\" style=\"color:#00373e;margin-top:10px;font-size:clamp(33.419px, 2.089rem + ((1vw - 3.2px) * 3.021), 60px);font-style:normal;font-weight:400;line-height:1.2;text-transform:capitalize\">Na\u0161 pristup<\/h2>\n\n\n\n<p class=\"has-text-align-center eplus-wrapper has-text-color\" style=\"color:#00373e;margin-top:35px;margin-right:0;margin-bottom:56px;margin-left:0;font-size:clamp(15.747px, 0.984rem + ((1vw - 3.2px) * 0.938), 24px);font-style:normal;font-weight:300\">U sredi\u0161tu na\u0161e prakse je posve\u0107enost pru\u017eanju suosje\u0107ajnog i holisti\u010dkog pristupa terapiji koji je u potpunosti usmjeren na va\u0161e jedinstvene potrebe. Koristimo razli\u010dite terapeutske metode temeljenje na znanstvenim istra\u017eivanjima, spajaju\u0107i ih u kohezivan plan koji podupire va\u0161i emocionalni, psiholo\u0161ki i me\u0111uljudski razvoj. Evo klju\u010dnih metoda koje primjenjujemo:<\/p>\n<\/section>\n\n\n\n<section class=\"wp-block-group alignfull has-text-color has-global-padding is-layout-constrained wp-container-core-group-is-layout-ed94a2ff wp-block-group-is-layout-constrained\" style=\"color:#03081e;margin-top:0px;padding-top:0.8rem;padding-right:20px;padding-bottom:0rem;padding-left:20px;font-size:clamp(0.875rem, 0.875rem + ((1vw - 0.2rem) * 0.464), 1.13rem);font-style:normal;font-weight:400;line-height:1.4\">\n<h2 class=\"wp-block-heading has-text-align-left eplus-wrapper has-text-color\" style=\"color:#00373e;margin-top:10px;font-size:clamp(16.293px, 1.018rem + ((1vw - 3.2px) * 0.989), 25px);font-style:normal;font-weight:400;line-height:1.2;text-transform:capitalize\">Teorija privr\u017eenosti (eng. Attachment Theory)<\/h2>\n\n\n\n<p class=\"has-text-align-left eplus-wrapper has-text-color\" style=\"color:#00373e;margin-top:7px;margin-right:0;margin-bottom:57px;margin-left:0;font-size:clamp(14px, 0.875rem + ((1vw - 3.2px) * 0.455), 18px);font-style:normal;font-weight:300\">Teorija privr\u017eenosti istra\u017euje kako rani odnosi s njegovateljima oblikuju na\u0161e sposobnosti za stvaranje i odr\u017eavanje zdravih veza kroz \u017eivot. Prepoznavanjem obrazaca privr\u017eenosti, poma\u017eemo vam razumjeti va\u0161e veze i razviti dublje emocionalne veze s drugima. Na\u0161 cilj je stvoriti sigurno okru\u017eenje koje podr\u017eava izgradnju zdravijih i stabilnijih odnosa, \u010dime poti\u010demo trajne pozitivne promjene u va\u0161em \u017eivotu.<\/p>\n<\/section>\n\n\n\n<section class=\"wp-block-group alignfull has-text-color has-global-padding is-layout-constrained wp-container-core-group-is-layout-ed94a2ff wp-block-group-is-layout-constrained\" style=\"color:#03081e;margin-top:0px;padding-top:0.8rem;padding-right:20px;padding-bottom:0rem;padding-left:20px;font-size:clamp(0.875rem, 0.875rem + ((1vw - 0.2rem) * 0.464), 1.13rem);font-style:normal;font-weight:400;line-height:1.4\">\n<h2 class=\"wp-block-heading has-text-align-left eplus-wrapper has-text-color\" style=\"color:#00373e;margin-top:10px;font-size:clamp(16.293px, 1.018rem + ((1vw - 3.2px) * 0.989), 25px);font-style:normal;font-weight:400;line-height:1.2;text-transform:capitalize\">Terapija prihva\u0107anja i posve\u0107enosti (eng. ACT)<\/h2>\n\n\n\n<p class=\"has-text-align-left eplus-wrapper has-text-color\" style=\"color:#00373e;margin-top:7px;margin-right:0;margin-bottom:57px;margin-left:0;font-size:clamp(14px, 0.875rem + ((1vw - 3.2px) * 0.455), 18px);font-style:normal;font-weight:300\">ACT je terapijski pristup koji se temelji na prihva\u0107anju misli i emocija, umjesto njihova izbjegavanja ili potiskivanja. Cilj ACT-a je pomo\u0107i klijentima da razviju emocionalnu fleksibilnost \u2013 sposobnost da prepoznaju i prihvate svoje unutarnje do\u017eivljaje, dok istovremeno poduzimaju akcije koje su u skladu s njihovim vrijednostima. Kroz tehnike poput mindfulnessa i kognitivne defuzije, ACT poma\u017ee klijentima da se oslobode negativnih misli i osje\u0107aja koji ih sputavaju, omogu\u0107uju\u0107i im da se fokusiraju na stvaranje smislenog \u017eivota, \u010dak i u prisutnosti te\u0161ko\u0107a. Ovaj pristup nagla\u0161ava va\u017enost djelovanja u skladu s osobnim vrijednostima, \u0161to vodi ve\u0107oj unutarnjoj ravnote\u017ei i ispunjenju.<\/p>\n<\/section>\n\n\n\n<section class=\"wp-block-group alignfull has-text-color has-global-padding is-layout-constrained wp-container-core-group-is-layout-ed94a2ff wp-block-group-is-layout-constrained\" style=\"color:#03081e;margin-top:0px;padding-top:0.8rem;padding-right:20px;padding-bottom:0rem;padding-left:20px;font-size:clamp(0.875rem, 0.875rem + ((1vw - 0.2rem) * 0.464), 1.13rem);font-style:normal;font-weight:400;line-height:1.4\">\n<h2 class=\"wp-block-heading has-text-align-left eplus-wrapper has-text-color\" style=\"color:#00373e;margin-top:10px;font-size:clamp(16.293px, 1.018rem + ((1vw - 3.2px) * 0.989), 25px);font-style:normal;font-weight:400;line-height:1.2;text-transform:capitalize\">Terapija usmjerena na klijenta<\/h2>\n\n\n\n<p class=\"has-text-align-left eplus-wrapper has-text-color\" style=\"color:#00373e;margin-top:7px;margin-right:0;margin-bottom:57px;margin-left:0;font-size:clamp(14px, 0.875rem + ((1vw - 3.2px) * 0.455), 18px);font-style:normal;font-weight:300\">Terapija usmjerena na klijenta temelji se na uvjerenju da je svaki pojedinac stru\u010dnjak za vlastiti \u017eivot. Ovaj pristup nagla\u0161ava va\u017enost stvaranja sigurne, podr\u017eavaju\u0107e i neprosudne atmosfere u kojoj klijent mo\u017ee slobodno istra\u017eivati svoje misli, osje\u0107aje i iskustva. Terapeut u ovom modelu nije autoritarna figura, ve\u0107 vodi\u010d koji kroz empatiju, bezuvjetno pozitivno prihva\u0107anje i aktivno slu\u0161anje poma\u017ee klijentima da do\u0111u do vlastitih uvida i rje\u0161enja. Fokus terapije je na razvijanju samopouzdanja i unutarnje snage klijenta, \u0161to omogu\u0107ava osobnu promjenu i rast.<\/p>\n<\/section>\n\n\n\n<section class=\"wp-block-group alignfull has-text-color has-global-padding is-layout-constrained wp-container-core-group-is-layout-ed94a2ff wp-block-group-is-layout-constrained\" style=\"color:#03081e;margin-top:0px;padding-top:0.8rem;padding-right:20px;padding-bottom:0rem;padding-left:20px;font-size:clamp(0.875rem, 0.875rem + ((1vw - 0.2rem) * 0.464), 1.13rem);font-style:normal;font-weight:400;line-height:1.4\">\n<h2 class=\"wp-block-heading has-text-align-left eplus-wrapper has-text-color\" style=\"color:#00373e;margin-top:10px;font-size:clamp(16.293px, 1.018rem + ((1vw - 3.2px) * 0.989), 25px);font-style:normal;font-weight:400;line-height:1.2;text-transform:capitalize\">Holisti\u010dki pristup<\/h2>\n\n\n\n<p class=\"has-text-align-left eplus-wrapper has-text-color\" style=\"color:#00373e;margin-top:7px;margin-right:0;margin-bottom:57px;margin-left:0;font-size:clamp(14px, 0.875rem + ((1vw - 3.2px) * 0.455), 18px);font-style:normal;font-weight:300\">Holisti\u010dki pristup u terapiji promatra vas kao cijelovitu osobu, uzimaju\u0107i u obzir fizi\u010dko, emocionalno, mentalno i duhovno zdravlje. Fokusiramo se na sve aspekte va\u0161eg \u017eivota, kako bismo razumjeli i rije\u0161ili izazove koji vas mu\u010de. Na\u0161 cilj je pomo\u0107i vam u stvaranju ravnote\u017ee i postizanju op\u0107eg blagostanja kroz integrirani pristup, koji uzima u obzir va\u0161u jedinstvenu situaciju i potrebe.<\/p>\n<\/section>\n\n\n\n<section class=\"wp-block-group alignfull has-text-color has-global-padding is-layout-constrained wp-container-core-group-is-layout-ed94a2ff wp-block-group-is-layout-constrained\" style=\"color:#03081e;margin-top:0px;padding-top:0.8rem;padding-right:20px;padding-bottom:0rem;padding-left:20px;font-size:clamp(0.875rem, 0.875rem + ((1vw - 0.2rem) * 0.464), 1.13rem);font-style:normal;font-weight:400;line-height:1.4\">\n<h2 class=\"wp-block-heading has-text-align-left eplus-wrapper has-text-color\" style=\"color:#00373e;margin-top:10px;font-size:clamp(16.293px, 1.018rem + ((1vw - 3.2px) * 0.989), 25px);font-style:normal;font-weight:400;line-height:1.2;text-transform:capitalize\">Svjesna (puna) prisutnost (eng. Mindfulness)<\/h2>\n\n\n\n<p class=\"has-text-align-left eplus-wrapper has-text-color\" style=\"color:#00373e;margin-top:7px;margin-right:0;margin-bottom:57px;margin-left:0;font-size:clamp(14px, 0.875rem + ((1vw - 3.2px) * 0.455), 18px);font-style:normal;font-weight:300\">Mindfulness, ili svjesna prisutnost, poma\u017ee vam da budete u potpunosti prisutni u trenutku, prihva\u0107aju\u0107i svoje misli, osje\u0107aje i tijelo bez prosu\u0111ivanja. Ovaj pristup smanjuje stres, pobolj\u0161ava emocionalnu ravnote\u017eu i omogu\u0107ava vam da se bolje nosite s izazovima \u017eivota. Kroz mindfulness, u\u010dimo vas kako reagirati smirenije, s ve\u0107om jasno\u0107om i razumijevanjem.<\/p>\n<\/section>\n\n\n\n<section class=\"wp-block-group alignfull has-text-color has-global-padding is-layout-constrained wp-container-core-group-is-layout-ed94a2ff wp-block-group-is-layout-constrained\" style=\"color:#03081e;margin-top:0px;padding-top:0.8rem;padding-right:20px;padding-bottom:0rem;padding-left:20px;font-size:clamp(0.875rem, 0.875rem + ((1vw - 0.2rem) * 0.464), 1.13rem);font-style:normal;font-weight:400;line-height:1.4\">\n<h2 class=\"wp-block-heading has-text-align-left eplus-wrapper has-text-color\" style=\"color:#00373e;margin-top:10px;font-size:clamp(16.293px, 1.018rem + ((1vw - 3.2px) * 0.989), 25px);font-style:normal;font-weight:400;line-height:1.2;text-transform:capitalize\">Bihevioralna modifikacija<\/h2>\n\n\n\n<p class=\"has-text-align-left eplus-wrapper has-text-color\" style=\"color:#00373e;margin-top:7px;margin-right:0;margin-bottom:57px;margin-left:0;font-size:clamp(14px, 0.875rem + ((1vw - 3.2px) * 0.455), 18px);font-style:normal;font-weight:300\">Bihevioralna modifikacija temelji se na razumijevanju kako na\u0161i postupci utje\u010du na na\u0161 \u017eivot i okolinu. Kroz prepoznavanje i promjenu nesvjesnih obrazaca pona\u0161anja, poma\u017eemo vam razviti pozitivne navike koje vode prema zdravijim izborima i trajnim promjenama. Ovaj pristup koristi strategije kao \u0161to su nagra\u0111ivanje i samopra\u0107enje, \u010dime poma\u017eemo da postignete bolje emocionalno i psiholo\u0161ko stanje.<\/p>\n<\/section>\n\n\n\n<section class=\"wp-block-group alignfull has-text-color has-global-padding is-layout-constrained wp-container-core-group-is-layout-ed94a2ff wp-block-group-is-layout-constrained\" style=\"color:#03081e;margin-top:0px;padding-top:0.8rem;padding-right:20px;padding-bottom:0rem;padding-left:20px;font-size:clamp(0.875rem, 0.875rem + ((1vw - 0.2rem) * 0.464), 1.13rem);font-style:normal;font-weight:400;line-height:1.4\">\n<h2 class=\"wp-block-heading has-text-align-left eplus-wrapper has-text-color\" style=\"color:#00373e;margin-top:10px;font-size:clamp(16.293px, 1.018rem + ((1vw - 3.2px) * 0.989), 25px);font-style:normal;font-weight:400;line-height:1.2;text-transform:capitalize\">Kognitivno-bihevioralna terapija (eng. CBT)<\/h2>\n\n\n\n<p class=\"has-text-align-left eplus-wrapper has-text-color\" style=\"color:#00373e;margin-top:7px;margin-right:0;margin-bottom:57px;margin-left:0;font-size:clamp(14px, 0.875rem + ((1vw - 3.2px) * 0.455), 18px);font-style:normal;font-weight:300\">Kognitivno-bihevioralna terapija fokusira se na povezanost izme\u0111u na\u0161ih misli, emocija i pona\u0161anja. Kroz KBT, poma\u017eemo vam prepoznati negativne obrasce mi\u0161ljenja i zamijeniti ih realisti\u010dnijima i korisnijima. Ovaj proces vam omogu\u0107uje da razvijete zdravije strategije suo\u010davanja, pobolj\u0161ate emocionalnu regulaciju i postignete dugoro\u010dne promjene u svom \u017eivotu.<\/p>\n<\/section>\n\n\n\n<section class=\"wp-block-group alignfull has-text-color has-global-padding is-layout-constrained wp-container-core-group-is-layout-ed94a2ff wp-block-group-is-layout-constrained\" style=\"color:#03081e;margin-top:0px;padding-top:0.8rem;padding-right:20px;padding-bottom:0rem;padding-left:20px;font-size:clamp(0.875rem, 0.875rem + ((1vw - 0.2rem) * 0.464), 1.13rem);font-style:normal;font-weight:400;line-height:1.4\">\n<h2 class=\"wp-block-heading has-text-align-left eplus-wrapper has-text-color\" style=\"color:#00373e;margin-top:10px;font-size:clamp(16.293px, 1.018rem + ((1vw - 3.2px) * 0.989), 25px);font-style:normal;font-weight:400;line-height:1.2;text-transform:capitalize\">Terapija temeljena na inherentnoj snazi<\/h2>\n\n\n\n<p class=\"has-text-align-left eplus-wrapper has-text-color\" style=\"color:#00373e;margin-top:7px;margin-right:0;margin-bottom:57px;margin-left:0;font-size:clamp(14px, 0.875rem + ((1vw - 3.2px) * 0.455), 18px);font-style:normal;font-weight:300\">Ovaj pristup fokusira se na prepoznavanje i kori\u0161tenje va\u0161ih unutarnjih resursa i sposobnosti kako biste se nosili s izazovima. Umjesto da se koncentriramo samo na probleme, isti\u010demo va\u0161e osobne snage, resurse i uspjehe, te vas poti\u010demo da ih iskoristite za postizanje ciljeva i prevladavanje pote\u0161ko\u0107a. Kroz ovaj pristup, poma\u017eemo vam izgraditi povjerenje u sebe i va\u0161 potencijal za pozitivnu promjenu.<\/p>\n<\/section>\n\n\n\n<section class=\"wp-block-group alignfull has-text-color has-global-padding is-layout-constrained wp-container-core-group-is-layout-ed94a2ff wp-block-group-is-layout-constrained\" style=\"color:#03081e;margin-top:0px;padding-top:0.8rem;padding-right:20px;padding-bottom:0rem;padding-left:20px;font-size:clamp(0.875rem, 0.875rem + ((1vw - 0.2rem) * 0.464), 1.13rem);font-style:normal;font-weight:400;line-height:1.4\">\n<h2 class=\"wp-block-heading has-text-align-left eplus-wrapper has-text-color\" style=\"color:#00373e;margin-top:10px;font-size:clamp(16.293px, 1.018rem + ((1vw - 3.2px) * 0.989), 25px);font-style:normal;font-weight:400;line-height:1.2;text-transform:capitalize\">EMDR &amp; pristup temeljen na razumijevanju traume<\/h2>\n\n\n\n<p class=\"has-text-align-left eplus-wrapper has-text-color\" style=\"color:#00373e;margin-top:7px;margin-right:0;margin-bottom:57px;margin-left:0;font-size:clamp(14px, 0.875rem + ((1vw - 3.2px) * 0.455), 18px);font-style:normal;font-weight:300\">EMDR (Desenzibilizacija i ponovna obrada pomo\u0107u pokreta o\u010diju) je terapijski pristup koji se koristi za obradu traumatskih iskustava i emocionalnih problema. Pomo\u0107u vo\u0111enih pokreta o\u010diju ili drugih oblika bilateralne stimulacije, EMDR poma\u017ee mozgu da preradi potisnute ili neobra\u0111ene traume, smanjuju\u0107i njihov emocionalni utjecaj. Ovaj proces omogu\u0107ava klijentima da reinterpretiraju svoja traumati\u010dna iskustva, \u010dine\u0107i ih manje bolnim i stresnim. Cilj EMDR terapije je omogu\u0107iti trajnu emocionalnu obnovu, olak\u0161ati iscjeljenje i pomo\u0107i u postizanju unutarnjeg mira i ravnote\u017ee.<\/p>\n<\/section>\n\n\n\n<section class=\"wp-block-group alignfull has-text-color has-global-padding is-layout-constrained wp-container-core-group-is-layout-ed94a2ff wp-block-group-is-layout-constrained\" style=\"color:#03081e;margin-top:0px;padding-top:0.8rem;padding-right:20px;padding-bottom:0rem;padding-left:20px;font-size:clamp(0.875rem, 0.875rem + ((1vw - 0.2rem) * 0.464), 1.13rem);font-style:normal;font-weight:400;line-height:1.4\">\n<h2 class=\"wp-block-heading has-text-align-left eplus-wrapper has-text-color\" style=\"color:#00373e;margin-top:10px;font-size:clamp(16.293px, 1.018rem + ((1vw - 3.2px) * 0.989), 25px);font-style:normal;font-weight:400;line-height:1.2;text-transform:capitalize\">Osna\u017eivanje kroz suradnju<\/h2>\n\n\n\n<p class=\"has-text-align-left eplus-wrapper has-text-color\" style=\"color:#00373e;margin-top:7px;margin-right:0;margin-bottom:57px;margin-left:0;font-size:clamp(14px, 0.875rem + ((1vw - 3.2px) * 0.455), 18px);font-style:normal;font-weight:300\">Vjerujemo da je osna\u017eivanje klijentovih sposobnosti najbolje postignuto kroz zajedni\u010dki rad i suradnju. Kroz partnerski odnos s terapeutom, poma\u017eemo vam prepoznati vlastite snage, mogu\u0107nosti i resurse kako biste prevladali izazove s kojima se susre\u0107ete. Kroz otvorenu komunikaciju, zajedni\u010dko planiranje i po\u0161tovanje va\u0161ih vrijednosti, cilj nam je omogu\u0107iti vam da preuzmete kontrolu nad svojim \u017eivotom i osje\u0107ate se osna\u017eeni u svakom koraku svog putovanja.<\/p>\n<\/section>\n\n\n\n<section class=\"wp-block-group alignfull has-text-color has-global-padding is-layout-constrained wp-container-core-group-is-layout-3106b8b2 wp-block-group-is-layout-constrained\" style=\"color:#03081e;margin-top:0px;padding-top:3.8rem;padding-right:var(--wp--preset--spacing--40);padding-bottom:0.3rem;padding-left:var(--wp--preset--spacing--40);font-size:clamp(0.875rem, 0.875rem + ((1vw - 0.2rem) * 0.464), 1.13rem);font-style:normal;font-weight:400;line-height:1.4\">\n<p class=\"has-text-align-center eplus-wrapper has-text-color\" style=\"color:#00373e;margin-top:0px;margin-right:0;margin-bottom:56px;margin-left:0;font-size:clamp(15.747px, 0.984rem + ((1vw - 3.2px) * 0.938), 24px);font-style:normal;font-weight:300\">Kombinacija ovih terapijskih pristupa pru\u017ea sveobuhvatan i prilago\u0111en plan koji vas podr\u017eava na svakom koraku va\u0161eg puta prema osobnom rastu i iscjeljenju. Tu smo da budemo uz vas, nude\u0107i njegu koja poti\u010de otpornost, emocionalnu ravnote\u017eu i pozitivnu transformaciju. Uz na\u0161u suosje\u0107ajnu podr\u0161ku, osna\u017eit \u0107emo vas da preuzmete kontrolu nad svojim mentalnim zdravljem i ostvarite trajne promjene.<\/p>\n<\/section>\n\n\n\n<section class=\"wp-block-cover alignfull\" style=\"margin-top:0px;padding-top:1.01rem;padding-bottom:1.01rem;min-height:430px;aspect-ratio:unset;\"><span aria-hidden=\"true\" class=\"wp-block-cover__background has-background-dim-100 has-background-dim\" style=\"background-color:#0b1f30\"><\/span><img loading=\"lazy\" decoding=\"async\" width=\"2560\" height=\"1708\" class=\"wp-block-cover__image-background wp-image-230\" alt=\"\" src=\"https:\/\/equilibriumpsychotherapy.net\/wp-content\/uploads\/2024\/06\/mid-shot-woman-therapist-taking-notes-clipboard-scaled.jpg\" style=\"object-position:52% 43%\" data-object-fit=\"cover\" data-object-position=\"52% 43%\" srcset=\"https:\/\/equilibriumpsychotherapy.net\/wp-content\/uploads\/2024\/06\/mid-shot-woman-therapist-taking-notes-clipboard-scaled.jpg 2560w, https:\/\/equilibriumpsychotherapy.net\/wp-content\/uploads\/2024\/06\/mid-shot-woman-therapist-taking-notes-clipboard-300x200.jpg 300w, https:\/\/equilibriumpsychotherapy.net\/wp-content\/uploads\/2024\/06\/mid-shot-woman-therapist-taking-notes-clipboard-1024x683.jpg 1024w, https:\/\/equilibriumpsychotherapy.net\/wp-content\/uploads\/2024\/06\/mid-shot-woman-therapist-taking-notes-clipboard-768x512.jpg 768w, https:\/\/equilibriumpsychotherapy.net\/wp-content\/uploads\/2024\/06\/mid-shot-woman-therapist-taking-notes-clipboard-1536x1025.jpg 1536w\" sizes=\"auto, (max-width: 2560px) 100vw, 2560px\" \/><div class=\"wp-block-cover__inner-container has-global-padding is-layout-constrained wp-container-core-cover-is-layout-b1bebcb3 wp-block-cover-is-layout-constrained\">\n<div class=\"wp-block-group has-text-color is-layout-flow wp-block-group-is-layout-flow\" style=\"color:#fffffd;margin-top:0px;padding-top:0rem;padding-right:1rem;padding-bottom:0rem;padding-left:1rem;font-size:clamp(0.875rem, 0.875rem + ((1vw - 0.2rem) * 0.464), 1.13rem);font-style:normal;font-weight:400;line-height:1.4\">\n<div class=\"wp-block-group has-global-padding is-layout-constrained wp-container-core-group-is-layout-bdbfdc43 wp-block-group-is-layout-constrained\">\n<h2 class=\"wp-block-heading has-text-align-center has-text-color\" style=\"color:#fffffd;margin-bottom:0rem;font-size:clamp(1.507rem, 1.507rem + ((1vw - 0.2rem) * 1.824), 2.51rem);font-style:normal;font-weight:400;line-height:1.2\">Svi, bez obzira na to tko su ili gdje \u017eive, zaslu\u017euju pristup kvalitetnoj zdravstvenoj skrbi.<\/h2>\n<\/div>\n\n\n\n<div class=\"wp-block-group is-vertical is-content-justification-stretch is-layout-flex wp-container-core-group-is-layout-bfdebe91 wp-block-group-is-layout-flex\" style=\"margin-top:1.81rem;padding-right:0px;padding-left:0px\">\n<div class=\"wp-block-group has-global-padding is-content-justification-center is-layout-constrained wp-container-core-group-is-layout-2f0bcb29 wp-block-group-is-layout-constrained\" style=\"margin-top:0px\">\n<div class=\"wp-block-buttons eplus-wrapper is-horizontal is-content-justification-left is-layout-flex wp-container-core-buttons-is-layout-50dd055c wp-block-buttons-is-layout-flex\" style=\"margin-top:2.51rem\">\n<div class=\"wp-block-button has-custom-width wp-block-button__width-100 has-custom-font-size footer_b is-style-fill\" style=\"font-size:clamp(0.875rem, 0.875rem + ((1vw - 0.2rem) * 0.409), 1.1rem);font-style:normal;font-weight:400;line-height:1;text-transform:capitalize\"><a class=\"wp-block-button__link has-text-color has-background has-border-color wp-element-button\" href=\"https:\/\/equilibriumpsychotherapy.net\/hr\/contact\/\" style=\"border-color:#ffffff;border-style:solid;border-width:1px;border-radius:2.5rem;color:#ffffff;background-color:#d92b2b00;padding-top:1.1rem;padding-right:0.81rem;padding-bottom:1.1rem;padding-left:0.81rem\">KONTAKTIRAJTE NAS<\/a><\/div>\n<\/div>\n<\/div>\n<\/div>\n<\/div>\n<\/div><\/section>","protected":false},"excerpt":{"rendered":"<p>Our Approach At the core of our practice is a commitment to offering a compassionate and holistic approach to therapy that meets your unique needs. We draw from a variety of evidence-based therapeutic frameworks, blending them into a cohesive plan tailored to support your emotional, psychological, and relational well-being. Here are the key methods we [&hellip;]<\/p>\n","protected":false},"author":1,"featured_media":0,"parent":0,"menu_order":0,"comment_status":"closed","ping_status":"closed","template":"","meta":{"iawp_total_views":70,"footnotes":""},"class_list":["post-1179","page","type-page","status-publish","hentry"],"_links":{"self":[{"href":"https:\/\/equilibriumpsychotherapy.net\/hr\/wp-json\/wp\/v2\/pages\/1179","targetHints":{"allow":["GET"]}}],"collection":[{"href":"https:\/\/equilibriumpsychotherapy.net\/hr\/wp-json\/wp\/v2\/pages"}],"about":[{"href":"https:\/\/equilibriumpsychotherapy.net\/hr\/wp-json\/wp\/v2\/types\/page"}],"author":[{"embeddable":true,"href":"https:\/\/equilibriumpsychotherapy.net\/hr\/wp-json\/wp\/v2\/users\/1"}],"replies":[{"embeddable":true,"href":"https:\/\/equilibriumpsychotherapy.net\/hr\/wp-json\/wp\/v2\/comments?post=1179"}],"version-history":[{"count":13,"href":"https:\/\/equilibriumpsychotherapy.net\/hr\/wp-json\/wp\/v2\/pages\/1179\/revisions"}],"predecessor-version":[{"id":1796,"href":"https:\/\/equilibriumpsychotherapy.net\/hr\/wp-json\/wp\/v2\/pages\/1179\/revisions\/1796"}],"wp:attachment":[{"href":"https:\/\/equilibriumpsychotherapy.net\/hr\/wp-json\/wp\/v2\/media?parent=1179"}],"curies":[{"name":"wp","href":"https:\/\/api.w.org\/{rel}","templated":true}]}}