{"id":1003,"date":"2024-09-18T09:27:33","date_gmt":"2024-09-18T09:27:33","guid":{"rendered":"https:\/\/equilibriumpsychotherapy.net\/?page_id=1003"},"modified":"2024-12-08T15:58:37","modified_gmt":"2024-12-08T15:58:37","slug":"our-process","status":"publish","type":"page","link":"https:\/\/equilibriumpsychotherapy.net\/hr\/our-process\/","title":{"rendered":"Na\u0161 proces"},"content":{"rendered":"<div class=\"wp-block-cover alignfull\" style=\"padding-top:2%;min-height:60rem;aspect-ratio:unset;\"><span aria-hidden=\"true\" class=\"wp-block-cover__background has-white-background-color has-background-dim-0 has-background-dim\"><\/span><img decoding=\"async\" class=\"wp-block-cover__image-background wp-image-248\" alt=\"\" src=\"https:\/\/equilibriumpsychotherapy.net\/wp-content\/uploads\/2024\/07\/pexels-cottonbro-4098232.jpg\" style=\"object-position:3% 36%\" data-object-fit=\"cover\" data-object-position=\"3% 36%\"\/><div class=\"wp-block-cover__inner-container has-global-padding is-layout-constrained wp-container-core-cover-is-layout-ee51f2d2 wp-block-cover-is-layout-constrained\">\n<div class=\"wp-block-group alignwide is-vertical is-content-justification-center is-layout-flex wp-container-core-group-is-layout-b6c1f246 wp-block-group-is-layout-flex\" style=\"min-height:35rem\">\n<div class=\"wp-block-group has-global-padding is-content-justification-center is-layout-constrained wp-container-core-group-is-layout-8e19ae4a wp-block-group-is-layout-constrained\" style=\"margin-top:0;margin-bottom:0\">\n<h3 class=\"wp-block-heading has-text-align-center has-text-color\" style=\"color:#000000;margin-bottom:1rem;font-size:clamp(2.071rem, 2.071rem + ((1vw - 0.2rem) * 2.98), 3.71rem);font-style:normal;font-weight:400;line-height:1;text-transform:none\">Equilibrium Psihoterapija<\/h3>\n\n\n\n<h2 class=\"wp-block-heading has-text-align-center has-text-color\" style=\"color:#ffffff;margin-top:0rem;margin-bottom:1.01rem;font-size:clamp(2.84rem, 2.84rem + ((1vw - 0.2rem) * 4.855), 5.51rem);font-style:normal;font-weight:400;line-height:1.1;text-transform:capitalize\">O nama<\/h2>\n<\/div>\n<\/div>\n<\/div><\/div>\n\n\n\n<section class=\"wp-block-group alignfull has-text-color has-global-padding is-layout-constrained wp-container-core-group-is-layout-2006d12d wp-block-group-is-layout-constrained\" style=\"color:#03081e;margin-top:0px;padding-top:6.51rem;padding-right:var(--wp--preset--spacing--40);padding-bottom:0rem;padding-left:var(--wp--preset--spacing--40);font-size:clamp(0.875rem, 0.875rem + ((1vw - 0.2rem) * 0.464), 1.13rem);font-style:normal;font-weight:400;line-height:1.4\">\n<h2 class=\"wp-block-heading has-text-align-center eplus-wrapper has-text-color\" style=\"color:#00373e;margin-top:10px;font-size:clamp(33.419px, 2.089rem + ((1vw - 3.2px) * 3.021), 60px);font-style:normal;font-weight:400;line-height:1.2;text-transform:capitalize\">Na\u0161 proces<\/h2>\n\n\n\n<p class=\"has-text-align-center eplus-wrapper has-text-color\" style=\"color:#00373e;margin-top:16px;margin-bottom:57px;font-size:clamp(15.747px, 0.984rem + ((1vw - 3.2px) * 0.938), 24px);font-style:normal;font-weight:300\">Po\u010dinje razgovorom \u2026<\/p>\n\n\n\n<figure class=\"wp-block-image aligncenter size-full is-resized eplus-wrapper\"><img loading=\"lazy\" decoding=\"async\" width=\"512\" height=\"512\" src=\"https:\/\/equilibriumpsychotherapy.net\/wp-content\/uploads\/2024\/09\/plant_616572.png\" alt=\"\" class=\"wp-image-1008\" style=\"width:70px\" srcset=\"https:\/\/equilibriumpsychotherapy.net\/wp-content\/uploads\/2024\/09\/plant_616572.png 512w, https:\/\/equilibriumpsychotherapy.net\/wp-content\/uploads\/2024\/09\/plant_616572-300x300.png 300w, https:\/\/equilibriumpsychotherapy.net\/wp-content\/uploads\/2024\/09\/plant_616572-150x150.png 150w\" sizes=\"auto, (max-width: 512px) 100vw, 512px\" \/><\/figure>\n<\/section>\n\n\n\n<section class=\"wp-block-group alignfull has-text-color has-global-padding is-layout-constrained wp-container-core-group-is-layout-47c888c0 wp-block-group-is-layout-constrained\" style=\"color:#03081e;margin-top:0px;padding-top:0rem;padding-right:var(--wp--preset--spacing--40);padding-bottom:0rem;padding-left:var(--wp--preset--spacing--40);font-size:clamp(0.875rem, 0.875rem + ((1vw - 0.2rem) * 0.464), 1.13rem);font-style:normal;font-weight:400;line-height:1.4\">\n<div class=\"wp-block-cp-timeline-content-timeline Cool-Content-Timeline\"><div class=\"cool-timeline-block-8a410426-5c46-42ed-8eb2-4938822d2019\"><style>.cool-timeline-block-8a410426-5c46-42ed-8eb2-4938822d2019 .cool-vertical-timeline-body{--ctlb-item-spacing: 12px;--ctlb-icon-color: #ffffff;--ctlb-line-color: #96be4b;--ctlb-icon-bg: #023020;--ctlb-story-border-color: #023020;}<\/style><div class=\"cool-vertical-timeline-body ctlb-wrapper both-sided right\"><div class=\"cool-timeline-block-list\">\n<div class=\"wp-block-cp-timeline-content-timeline-child swiper-slide\"><div class=\"timeline-content icon-true\"><div class=\"timeline-block-timeline ctl-row  position-right\"><div class=\"ctl-6 timeline-block-time\"><div class=\"story-time\"><p>Istra\u017eivanje opcija<\/p><\/div><\/div><div class=\"timeline-block-icon\"><span class=\"timeline-block-render-icon\" style=\"fill:white\"><div class=\"iconpicker-item\" style=\"font-size:24px;color:white;padding:2px\"><svg stroke=\"currentColor\" fill=\"currentColor\" stroke-width=\"0\" viewbox=\"0 0 448 512\" height=\"1em\" width=\"1em\" xmlns=\"http:\/\/www.w3.org\/2000\/svg\"><path d=\"M448 449L301.2 300.2c20-27.9 31.9-62.2 31.9-99.2 0-93.1-74.7-168.9-166.5-168.9C74.7 32 0 107.8 0 200.9s74.7 168.9 166.5 168.9c39.8 0 76.3-14.2 105-37.9l146 148.1 30.5-31zM166.5 330.8c-70.6 0-128.1-58.3-128.1-129.9S95.9 71 166.5 71s128.1 58.3 128.1 129.9-57.4 129.9-128.1 129.9z\"><\/path><\/svg><\/div><\/span><\/div><div class=\"ctl-6 timeline-block-detail\"><div class=\"story-details\"><div class=\"story-content\">\n<figure class=\"wp-block-image size-full ctlb-block-image\"><img decoding=\"async\" src=\"https:\/\/equilibriumpsychotherapy.net\/wp-content\/uploads\/2024\/10\/pexels-lilartsy-1194775.jpg\" alt=\"\" class=\"wp-image-1462\" style=\"aspect-ratio:4\/3;object-fit:cover\"\/><\/figure>\n\n\n\n<h3 class=\"wp-block-heading ctlb-block-title\" style=\"padding-top:0px;padding-right:0px;padding-bottom:0px;padding-left:0px\">Pronala\u017eenje onoga \u0161to vam odgovara<\/h3>\n\n\n\n<p class=\"ctlb-block-desc\" style=\"padding-top:0px;padding-right:0px;padding-bottom:0px;padding-left:0px\">Prije nego \u0161to krenete, pozivamo vas da istra\u017eite na\u0161u platformu i upoznate sve \u0161to nudimo. Ovdje \u0107ete mo\u0107i saznati vi\u0161e o na\u0161im uslugama, kako se uklapaju u va\u0161e potrebe i ciljeve, te da u miru procijenite odgovara li na\u0161 pristup va\u0161im o\u010dekivanjima \u2013 bez \u017eurbe i u vlastitom ritmu.<\/p>\n<\/div><\/div><\/div><\/div><\/div><\/div>\n\n\n\n<div class=\"wp-block-cp-timeline-content-timeline-child swiper-slide\"><div class=\"timeline-content icon-true\"><div class=\"timeline-block-timeline ctl-row  position-left\"><div class=\"ctl-6 timeline-block-time\"><div class=\"story-time\"><p>Po\u010detno savjetovanje<\/p><\/div><\/div><div class=\"timeline-block-icon\"><span class=\"timeline-block-render-icon\" style=\"fill:white\"><div class=\"iconpicker-item\" style=\"font-size:24px;color:white;padding:2px\"><svg stroke=\"currentColor\" fill=\"currentColor\" stroke-width=\"0\" viewbox=\"0 0 512 512\" height=\"1em\" width=\"1em\" xmlns=\"http:\/\/www.w3.org\/2000\/svg\"><path d=\"M243.2 189.9V258c26.1 5.9 49.3 15.6 73.6 22.3v-68.2c-26-5.8-49.4-15.5-73.6-22.2zm223.3-123c-34.3 15.9-76.5 31.9-117 31.9C296 98.8 251.7 64 184.3 64c-25 0-47.3 4.4-68 12 2.8-7.3 4.1-15.2 3.6-23.6C118.1 24 94.8 1.2 66.3 0 34.3-1.3 8 24.3 8 56c0 19 9.5 35.8 24 45.9V488c0 13.3 10.7 24 24 24h16c13.3 0 24-10.7 24-24v-94.4c28.3-12.1 63.6-22.1 114.4-22.1 53.6 0 97.8 34.8 165.2 34.8 48.2 0 86.7-16.3 122.5-40.9 8.7-6 13.8-15.8 13.8-26.4V95.9c.1-23.3-24.2-38.8-45.4-29zM169.6 325.5c-25.8 2.7-50 8.2-73.6 16.6v-70.5c26.2-9.3 47.5-15 73.6-17.4zM464 191c-23.6 9.8-46.3 19.5-73.6 23.9V286c24.8-3.4 51.4-11.8 73.6-26v70.5c-25.1 16.1-48.5 24.7-73.6 27.1V286c-27 3.7-47.9 1.5-73.6-5.6v67.4c-23.9-7.4-47.3-16.7-73.6-21.3V258c-19.7-4.4-40.8-6.8-73.6-3.8v-70c-22.4 3.1-44.6 10.2-73.6 20.9v-70.5c33.2-12.2 50.1-19.8 73.6-22v71.6c27-3.7 48.4-1.3 73.6 5.7v-67.4c23.7 7.4 47.2 16.7 73.6 21.3v68.4c23.7 5.3 47.6 6.9 73.6 2.7V143c27-4.8 52.3-13.6 73.6-22.5z\"><\/path><\/svg><\/div><\/span><\/div><div class=\"ctl-6 timeline-block-detail\"><div class=\"story-details\"><div class=\"story-content\">\n<figure class=\"wp-block-image size-large ctlb-block-image\"><img loading=\"lazy\" decoding=\"async\" width=\"1024\" height=\"683\" src=\"https:\/\/equilibriumpsychotherapy.net\/wp-content\/uploads\/2024\/10\/pexels-cottonbro-4098287-1024x683.jpg\" alt=\"\" class=\"wp-image-1466\" style=\"aspect-ratio:4\/3;object-fit:cover\" srcset=\"https:\/\/equilibriumpsychotherapy.net\/wp-content\/uploads\/2024\/10\/pexels-cottonbro-4098287-1024x683.jpg 1024w, https:\/\/equilibriumpsychotherapy.net\/wp-content\/uploads\/2024\/10\/pexels-cottonbro-4098287-300x200.jpg 300w, https:\/\/equilibriumpsychotherapy.net\/wp-content\/uploads\/2024\/10\/pexels-cottonbro-4098287-768x512.jpg 768w\" sizes=\"auto, (max-width: 1024px) 100vw, 1024px\" \/><\/figure>\n\n\n\n<h3 class=\"wp-block-heading ctlb-block-title\" style=\"padding-top:0px;padding-right:0px;padding-bottom:0px;padding-left:0px\">Po\u010dinjemo zajedno<\/h3>\n\n\n\n<p class=\"ctlb-block-desc\" style=\"padding-top:0px;padding-right:0px;padding-bottom:0px;padding-left:0px\">Na prvoj sesiji osvrnut \u0107emo se na va\u0161e brige, razmotriti ciljeve koje \u017eelite posti\u0107i i istra\u017eiti na\u010dine na koje vam mo\u017eemo pomo\u0107i. Ovo je prilika za postavljanje pitanja, upoznavanje i postavljanje temelja za va\u0161e terapijsko putovanje.<\/p>\n<\/div><\/div><\/div><\/div><\/div><\/div>\n\n\n\n<div class=\"wp-block-cp-timeline-content-timeline-child swiper-slide\"><div class=\"timeline-content icon-true\"><div class=\"timeline-block-timeline ctl-row  position-right\"><div class=\"ctl-6 timeline-block-time\"><div class=\"story-time\"><p>Personalizirani plan i redovite sesije<\/p><\/div><\/div><div class=\"timeline-block-icon\"><span class=\"timeline-block-render-icon\" style=\"fill:white\"><div class=\"iconpicker-item\" style=\"font-size:24px;color:white;padding:2px\"><svg stroke=\"currentColor\" fill=\"currentColor\" stroke-width=\"0\" viewbox=\"0 0 576 512\" height=\"1em\" width=\"1em\" xmlns=\"http:\/\/www.w3.org\/2000\/svg\"><path d=\"M416 192c0-88.4-93.1-160-208-160S0 103.6 0 192c0 34.3 14.1 65.9 38 92-13.4 30.2-35.5 54.2-35.8 54.5-2.2 2.3-2.8 5.7-1.5 8.7S4.8 352 8 352c36.6 0 66.9-12.3 88.7-25 32.2 15.7 70.3 25 111.3 25 114.9 0 208-71.6 208-160zm122 220c23.9-26 38-57.7 38-92 0-66.9-53.5-124.2-129.3-148.1.9 6.6 1.3 13.3 1.3 20.1 0 105.9-107.7 192-240 192-10.8 0-21.3-.8-31.7-1.9C207.8 439.6 281.8 480 368 480c41 0 79.1-9.2 111.3-25 21.8 12.7 52.1 25 88.7 25 3.2 0 6.1-1.9 7.3-4.8 1.3-2.9.7-6.3-1.5-8.7-.3-.3-22.4-24.2-35.8-54.5z\"><\/path><\/svg><\/div><\/span><\/div><div class=\"ctl-6 timeline-block-detail\"><div class=\"story-details\"><div class=\"story-content\">\n<figure class=\"wp-block-image size-full ctlb-block-image\"><img decoding=\"async\" src=\"https:\/\/equilibriumpsychotherapy.net\/wp-content\/uploads\/2024\/10\/pexels-suzyhazelwood-1226398.jpg\" alt=\"\" class=\"wp-image-1464\" style=\"aspect-ratio:4\/3;object-fit:cover\"\/><\/figure>\n\n\n\n<h3 class=\"wp-block-heading ctlb-block-title\" style=\"padding-top:0px;padding-right:0px;padding-bottom:0px;padding-left:0px\">Put prilago\u0111en vama<\/h3>\n\n\n\n<p class=\"ctlb-block-desc\" style=\"padding-top:0px;padding-right:0px;padding-bottom:0px;padding-left:0px\">Nakon \u0161to razmotrimo va\u0161e ciljeve, izradit \u0107emo personalizirani plan koji odgovara va\u0161im specifi\u010dnim potrebama. Kroz redovite sesije, pratiti \u0107emo va\u0161 napredak i prilago\u0111avati na\u0161 pristup kako bismo osigurali da se kre\u0107ete u \u017eeljenom smjeru.<\/p>\n<\/div><\/div><\/div><\/div><\/div><\/div>\n\n\n\n<div class=\"wp-block-cp-timeline-content-timeline-child swiper-slide\"><div class=\"timeline-content icon-true\"><div class=\"timeline-block-timeline ctl-row  position-left\"><div class=\"ctl-6 timeline-block-time\"><div class=\"story-time\"><p>Pra\u0107enje napretka<\/p><\/div><\/div><div class=\"timeline-block-icon\"><span class=\"timeline-block-render-icon\" style=\"fill:white\"><div class=\"iconpicker-item\" style=\"font-size:24px;color:white;padding:2px\"><svg stroke=\"currentColor\" fill=\"currentColor\" stroke-width=\"0\" viewbox=\"0 0 448 512\" height=\"1em\" width=\"1em\" xmlns=\"http:\/\/www.w3.org\/2000\/svg\"><path d=\"M0 464c0 26.5 21.5 48 48 48h352c26.5 0 48-21.5 48-48V192H0v272zm320-196c0-6.6 5.4-12 12-12h40c6.6 0 12 5.4 12 12v40c0 6.6-5.4 12-12 12h-40c-6.6 0-12-5.4-12-12v-40zm0 128c0-6.6 5.4-12 12-12h40c6.6 0 12 5.4 12 12v40c0 6.6-5.4 12-12 12h-40c-6.6 0-12-5.4-12-12v-40zM192 268c0-6.6 5.4-12 12-12h40c6.6 0 12 5.4 12 12v40c0 6.6-5.4 12-12 12h-40c-6.6 0-12-5.4-12-12v-40zm0 128c0-6.6 5.4-12 12-12h40c6.6 0 12 5.4 12 12v40c0 6.6-5.4 12-12 12h-40c-6.6 0-12-5.4-12-12v-40zM64 268c0-6.6 5.4-12 12-12h40c6.6 0 12 5.4 12 12v40c0 6.6-5.4 12-12 12H76c-6.6 0-12-5.4-12-12v-40zm0 128c0-6.6 5.4-12 12-12h40c6.6 0 12 5.4 12 12v40c0 6.6-5.4 12-12 12H76c-6.6 0-12-5.4-12-12v-40zM400 64h-48V16c0-8.8-7.2-16-16-16h-32c-8.8 0-16 7.2-16 16v48H160V16c0-8.8-7.2-16-16-16h-32c-8.8 0-16 7.2-16 16v48H48C21.5 64 0 85.5 0 112v48h448v-48c0-26.5-21.5-48-48-48z\"><\/path><\/svg><\/div><\/span><\/div><div class=\"ctl-6 timeline-block-detail\"><div class=\"story-details\"><div class=\"story-content\">\n<figure class=\"wp-block-image size-full ctlb-block-image\"><img decoding=\"async\" src=\"https:\/\/equilibriumpsychotherapy.net\/wp-content\/uploads\/2024\/10\/pexels-shvets-production-7176027.jpg\" alt=\"\" class=\"wp-image-1463\" style=\"aspect-ratio:4\/3;object-fit:cover\"\/><\/figure>\n\n\n\n<h3 class=\"wp-block-heading ctlb-block-title\" style=\"padding-top:0px;padding-right:0px;padding-bottom:0px;padding-left:0px\">Kontrolne to\u010dke<\/h3>\n\n\n\n<p class=\"ctlb-block-desc\" style=\"padding-top:0px;padding-right:0px;padding-bottom:0px;padding-left:0px\">Kroz redovite evaluacije, procijenjujemo va\u0161 napredak, prilago\u0111avamo ciljeve i, kad god je potrebno, mijenjamo na\u0161 pristup kako bismo osigurali da ostanete na putu prema \u017eeljenim rezultatima.<\/p>\n<\/div><\/div><\/div><\/div><\/div><\/div>\n\n\n\n<div class=\"wp-block-cp-timeline-content-timeline-child swiper-slide\"><div class=\"timeline-content icon-true\"><div class=\"timeline-block-timeline ctl-row  position-right\"><div class=\"ctl-6 timeline-block-time\"><div class=\"story-time\"><p>Stalna podr\u0161ka i osna\u017eivanje<\/p><\/div><\/div><div class=\"timeline-block-icon\"><span class=\"timeline-block-render-icon\" style=\"fill:white\"><div class=\"iconpicker-item\" style=\"font-size:24px;color:white;padding:2px\"><svg stroke=\"currentColor\" fill=\"currentColor\" stroke-width=\"0\" viewbox=\"0 0 640 512\" height=\"1em\" width=\"1em\" xmlns=\"http:\/\/www.w3.org\/2000\/svg\"><path d=\"M471.1 96C405 96 353.3 137.3 320 174.6 286.7 137.3 235 96 168.9 96 75.8 96 0 167.8 0 256s75.8 160 168.9 160c66.1 0 117.8-41.3 151.1-78.6 33.3 37.3 85 78.6 151.1 78.6 93.1 0 168.9-71.8 168.9-160S564.2 96 471.1 96zM168.9 320c-40.2 0-72.9-28.7-72.9-64s32.7-64 72.9-64c38.2 0 73.4 36.1 94 64-20.4 27.6-55.9 64-94 64zm302.2 0c-38.2 0-73.4-36.1-94-64 20.4-27.6 55.9-64 94-64 40.2 0 72.9 28.7 72.9 64s-32.7 64-72.9 64z\"><\/path><\/svg><\/div><\/span><\/div><div class=\"ctl-6 timeline-block-detail\"><div class=\"story-details\"><div class=\"story-content\">\n<figure class=\"wp-block-image size-full ctlb-block-image\"><img decoding=\"async\" src=\"https:\/\/equilibriumpsychotherapy.net\/wp-content\/uploads\/2024\/10\/pexels-alex-green-5699430.jpg\" alt=\"\" class=\"wp-image-1465\" style=\"aspect-ratio:4\/3;object-fit:cover\"\/><\/figure>\n\n\n\n<h3 class=\"wp-block-heading ctlb-block-title\" style=\"padding-top:0px;padding-right:0px;padding-bottom:0px;padding-left:0px\">Osna\u017eivanje va\u0161eg putovanja<\/h3>\n\n\n\n<p class=\"ctlb-block-desc\" style=\"padding-top:0px;padding-right:0px;padding-bottom:0px;padding-left:0px\">Kontinuirane sesije fokusirane na odr\u017eavanje napretka, produbljivanje uvida i osiguranje dugoro\u010dnog blagostanja.<\/p>\n<\/div><\/div><\/div><\/div><\/div><\/div>\n<\/div><\/div><\/div><\/div>\n<\/section>\n\n\n\n<section class=\"wp-block-group alignfull has-text-color has-global-padding is-layout-constrained wp-container-core-group-is-layout-47c888c0 wp-block-group-is-layout-constrained\" style=\"color:#03081e;margin-top:0px;padding-top:0rem;padding-right:var(--wp--preset--spacing--40);padding-bottom:0rem;padding-left:var(--wp--preset--spacing--40);font-size:clamp(0.875rem, 0.875rem + ((1vw - 0.2rem) * 0.464), 1.13rem);font-style:normal;font-weight:400;line-height:1.4\">\n<figure class=\"wp-block-image aligncenter size-full is-resized eplus-wrapper\"><img loading=\"lazy\" decoding=\"async\" width=\"512\" height=\"512\" src=\"https:\/\/equilibriumpsychotherapy.net\/wp-content\/uploads\/2024\/09\/tree_2220083._rotated.png\" alt=\"\" class=\"wp-image-1044\" style=\"width:140px\" srcset=\"https:\/\/equilibriumpsychotherapy.net\/wp-content\/uploads\/2024\/09\/tree_2220083._rotated.png 512w, https:\/\/equilibriumpsychotherapy.net\/wp-content\/uploads\/2024\/09\/tree_2220083._rotated-300x300.png 300w, https:\/\/equilibriumpsychotherapy.net\/wp-content\/uploads\/2024\/09\/tree_2220083._rotated-150x150.png 150w\" sizes=\"auto, (max-width: 512px) 100vw, 512px\" \/><\/figure>\n<\/section>\n\n\n\n<p class=\"has-text-align-center eplus-wrapper has-text-color\" style=\"color:#00373e;margin-top:16px;margin-bottom:57px;font-size:clamp(15.747px, 0.984rem + ((1vw - 3.2px) * 0.938), 24px);font-style:normal;font-weight:300\">Zavr\u0161ava razumijevanjem...<\/p>\n\n\n\n<section class=\"wp-block-cover alignfull\" style=\"margin-top:0px;padding-top:1.01rem;padding-bottom:1.01rem;min-height:430px;aspect-ratio:unset;\"><span aria-hidden=\"true\" class=\"wp-block-cover__background has-background-dim-100 has-background-dim\" style=\"background-color:#0b1f30\"><\/span><img loading=\"lazy\" decoding=\"async\" width=\"2560\" height=\"1708\" class=\"wp-block-cover__image-background wp-image-230\" alt=\"\" src=\"https:\/\/equilibriumpsychotherapy.net\/wp-content\/uploads\/2024\/06\/mid-shot-woman-therapist-taking-notes-clipboard-scaled.jpg\" style=\"object-position:52% 43%\" data-object-fit=\"cover\" data-object-position=\"52% 43%\" srcset=\"https:\/\/equilibriumpsychotherapy.net\/wp-content\/uploads\/2024\/06\/mid-shot-woman-therapist-taking-notes-clipboard-scaled.jpg 2560w, https:\/\/equilibriumpsychotherapy.net\/wp-content\/uploads\/2024\/06\/mid-shot-woman-therapist-taking-notes-clipboard-300x200.jpg 300w, https:\/\/equilibriumpsychotherapy.net\/wp-content\/uploads\/2024\/06\/mid-shot-woman-therapist-taking-notes-clipboard-1024x683.jpg 1024w, https:\/\/equilibriumpsychotherapy.net\/wp-content\/uploads\/2024\/06\/mid-shot-woman-therapist-taking-notes-clipboard-768x512.jpg 768w, https:\/\/equilibriumpsychotherapy.net\/wp-content\/uploads\/2024\/06\/mid-shot-woman-therapist-taking-notes-clipboard-1536x1025.jpg 1536w\" sizes=\"auto, (max-width: 2560px) 100vw, 2560px\" \/><div class=\"wp-block-cover__inner-container has-global-padding is-layout-constrained wp-container-core-cover-is-layout-7182a6bb wp-block-cover-is-layout-constrained\">\n<div class=\"wp-block-group has-text-color is-layout-flow wp-block-group-is-layout-flow\" style=\"color:#fffffd;margin-top:0px;padding-top:0rem;padding-right:1rem;padding-bottom:0rem;padding-left:1rem;font-size:clamp(0.875rem, 0.875rem + ((1vw - 0.2rem) * 0.464), 1.13rem);font-style:normal;font-weight:400;line-height:1.4\">\n<div class=\"wp-block-group has-global-padding is-layout-constrained wp-container-core-group-is-layout-bdbfdc43 wp-block-group-is-layout-constrained\">\n<h2 class=\"wp-block-heading has-text-align-center has-text-color\" style=\"color:#fffffd;margin-bottom:0rem;font-size:clamp(1.507rem, 1.507rem + ((1vw - 0.2rem) * 1.824), 2.51rem);font-style:normal;font-weight:400;line-height:1.2\">Svi, bez obzira na to tko su ili gdje \u017eive, zaslu\u017euju pristup kvalitetnoj zdravstvenoj skrbi.<\/h2>\n<\/div>\n\n\n\n<div class=\"wp-block-group is-vertical is-content-justification-stretch is-layout-flex wp-container-core-group-is-layout-bfdebe91 wp-block-group-is-layout-flex\" style=\"margin-top:1.81rem;padding-right:0px;padding-left:0px\">\n<div class=\"wp-block-group has-global-padding is-content-justification-center is-layout-constrained wp-container-core-group-is-layout-2f0bcb29 wp-block-group-is-layout-constrained\" style=\"margin-top:0px\">\n<div class=\"wp-block-buttons eplus-wrapper is-horizontal is-content-justification-left is-layout-flex wp-container-core-buttons-is-layout-50dd055c wp-block-buttons-is-layout-flex\" style=\"margin-top:2.51rem\">\n<div class=\"wp-block-button has-custom-width wp-block-button__width-100 has-custom-font-size footer_b is-style-fill\" style=\"font-size:clamp(0.875rem, 0.875rem + ((1vw - 0.2rem) * 0.409), 1.1rem);font-style:normal;font-weight:400;line-height:1;text-transform:capitalize\"><a class=\"wp-block-button__link has-text-color has-background has-border-color wp-element-button\" href=\"https:\/\/equilibriumpsychotherapy.net\/hr\/contact\/\" style=\"border-color:#ffffff;border-style:solid;border-width:1px;border-radius:2.5rem;color:#ffffff;background-color:#d92b2b00;padding-top:1.1rem;padding-right:0.81rem;padding-bottom:1.1rem;padding-left:0.81rem\">KONTAKTIRAJTE NAS<\/a><\/div>\n<\/div>\n<\/div>\n<\/div>\n<\/div>\n<\/div><\/section>","protected":false},"excerpt":{"rendered":"<p>Our Process It starts with a conversation&#8230; It ends with clarity&#8230;<\/p>","protected":false},"author":1,"featured_media":0,"parent":0,"menu_order":0,"comment_status":"closed","ping_status":"closed","template":"","meta":{"iawp_total_views":94,"footnotes":""},"class_list":["post-1003","page","type-page","status-publish","hentry"],"_links":{"self":[{"href":"https:\/\/equilibriumpsychotherapy.net\/hr\/wp-json\/wp\/v2\/pages\/1003","targetHints":{"allow":["GET"]}}],"collection":[{"href":"https:\/\/equilibriumpsychotherapy.net\/hr\/wp-json\/wp\/v2\/pages"}],"about":[{"href":"https:\/\/equilibriumpsychotherapy.net\/hr\/wp-json\/wp\/v2\/types\/page"}],"author":[{"embeddable":true,"href":"https:\/\/equilibriumpsychotherapy.net\/hr\/wp-json\/wp\/v2\/users\/1"}],"replies":[{"embeddable":true,"href":"https:\/\/equilibriumpsychotherapy.net\/hr\/wp-json\/wp\/v2\/comments?post=1003"}],"version-history":[{"count":20,"href":"https:\/\/equilibriumpsychotherapy.net\/hr\/wp-json\/wp\/v2\/pages\/1003\/revisions"}],"predecessor-version":[{"id":2099,"href":"https:\/\/equilibriumpsychotherapy.net\/hr\/wp-json\/wp\/v2\/pages\/1003\/revisions\/2099"}],"wp:attachment":[{"href":"https:\/\/equilibriumpsychotherapy.net\/hr\/wp-json\/wp\/v2\/media?parent=1003"}],"curies":[{"name":"wp","href":"https:\/\/api.w.org\/{rel}","templated":true}]}}